{"id":1456,"date":"2026-03-20T12:17:48","date_gmt":"2026-03-20T12:17:48","guid":{"rendered":"https:\/\/idealpesca.com\/loja\/produto\/bolsa-daiwa-deluxe-2531-4730\/"},"modified":"2026-04-17T18:14:07","modified_gmt":"2026-04-17T17:14:07","slug":"bolsa-daiwa-deluxe-2531-4730","status":"publish","type":"product","link":"https:\/\/idealpesca.com\/loja\/produto\/bolsa-daiwa-deluxe-2531-4730\/","title":{"rendered":"BOLSA Daiwa DAB_L"},"content":{"rendered":"<p><strong><span style=\"font-size: large;color: #000000\">&#8211; ideal para o transporte carretos, bobines<br \/><\/span><\/strong><\/p>\n<p><strong><span style=\"font-size: large;color: #000000\">\u00a0Este saco \u00e9 ideal para as suas jornadas de pesca! \u00c9 concebido para transportar diferentes tipos de objetos: de pesca, roupas, acess\u00f3rios, etc. Na verdade, ele est\u00e1 dividido em dois compartimentos. O inferior tem uma capacidade de 38 x 25 x 15cm e o superior \u00e9 dividido em v\u00e1rios compartimentos amov\u00edveis. Encontrar\u00e1 igualmente espa\u00e7o para armazenamento nos dois bolsos laterais, bem como no pequeno bolso de malha na frente. A parte de baixo do saco \u00e9 \u00e0 prova de \u00e1gua e refor\u00e7ado. Pode transportar este saco ao ombro gra\u00e7as \u00e0s al\u00e7as acolchoadas ou \u00e0 m\u00e3o gra\u00e7as \u00e0s pegas. Este saco adapta-se portanto \u00e0s suas necessidades para assegurar a boa prote\u00e7\u00e3o de todos os seus pertences.<\/span><\/strong><\/p>\n<p><strong><span style=\"font-size: large;color: #000000\">\u00a0<\/span><\/strong><\/p>\n<p>\u00a0<\/p>\n<table class=\"table bordered js-pswp-gallery\">\n<tr>\n<th>\u00a0<\/th>\n<th>\u00a0<\/th>\n<th>\u00a0<\/th>\n<th>\u00a0<\/th>\n<th>\u00a0<\/th>\n<th>\u00a0<\/th>\n<\/tr>\n<tr>\n<td>\u00a0<\/td>\n<td>\u00a0<\/td>\n<td>\u00a0<\/td>\n<td>\u00a0<\/td>\n<td>\u00a0<\/td>\n<td>\u00a0<\/td>\n<td>\u00a0<\/td>\n<\/tr>\n<tr>\n<td>\u00a0<\/td>\n<td>\u00a0<\/td>\n<td>\u00a0<\/td>\n<td>\u00a0<\/td>\n<td>\u00a0<\/td>\n<td>\u00a0<\/td>\n<td>\u00a0<\/td>\n<\/tr>\n<tr>\n<td>\u00a0<\/td>\n<td>\u00a0<\/td>\n<td>\u00a0<\/td>\n<td>\u00a0<\/td>\n<td>\u00a0<\/td>\n<td>\u00a0<\/td>\n<td>\u00a0<\/td>\n<\/tr>\n<tr>\n<td>\u00a0<\/td>\n<td>\u00a0<\/td>\n<td>\u00a0<\/td>\n<td>\u00a0<\/td>\n<td>\u00a0<\/td>\n<td>\u00a0<\/td>\n<\/tr>\n<\/table>\n<p>\u00a0<\/p>\n<p>\u00a0<\/p>\n<p>\u00a0<\/p>\n<p>\u00a0<\/p>\n<p>\u00a0<\/p>\n<p>\u00a0<\/p>\n","protected":false},"excerpt":{"rendered":"<p>Bolsa de alta qualidade para transporte de material<\/p>\n","protected":false},"featured_media":4661,"comment_status":"open","ping_status":"closed","template":"","meta":[],"product_brand":[],"product_cat":[171],"product_tag":[],"class_list":{"0":"post-1456","1":"product","2":"type-product","3":"status-publish","4":"has-post-thumbnail","6":"product_cat-070000-mochilas-e-bolsas-de-pesca","8":"first","9":"outofstock","10":"taxable","11":"shipping-taxable","12":"product-type-variable"},"_links":{"self":[{"href":"https:\/\/idealpesca.com\/loja\/wp-json\/wp\/v2\/product\/1456","targetHints":{"allow":["GET"]}}],"collection":[{"href":"https:\/\/idealpesca.com\/loja\/wp-json\/wp\/v2\/product"}],"about":[{"href":"https:\/\/idealpesca.com\/loja\/wp-json\/wp\/v2\/types\/product"}],"replies":[{"embeddable":true,"href":"https:\/\/idealpesca.com\/loja\/wp-json\/wp\/v2\/comments?post=1456"}],"wp:featuredmedia":[{"embeddable":true,"href":"https:\/\/idealpesca.com\/loja\/wp-json\/wp\/v2\/media\/4661"}],"wp:attachment":[{"href":"https:\/\/idealpesca.com\/loja\/wp-json\/wp\/v2\/media?parent=1456"}],"wp:term":[{"taxonomy":"product_brand","embeddable":true,"href":"https:\/\/idealpesca.com\/loja\/wp-json\/wp\/v2\/product_brand?post=1456"},{"taxonomy":"product_cat","embeddable":true,"href":"https:\/\/idealpesca.com\/loja\/wp-json\/wp\/v2\/product_cat?post=1456"},{"taxonomy":"product_tag","embeddable":true,"href":"https:\/\/idealpesca.com\/loja\/wp-json\/wp\/v2\/product_tag?post=1456"}],"curies":[{"name":"wp","href":"https:\/\/api.w.org\/{rel}","templated":true}]}}