{"id":1451,"date":"2026-03-20T12:17:47","date_gmt":"2026-03-20T12:17:47","guid":{"rendered":"https:\/\/idealpesca.com\/loja\/produto\/bolsa-amostras-l-4fa3ab0523aef-718-4353-4356-4809\/"},"modified":"2026-04-17T18:09:52","modified_gmt":"2026-04-17T17:09:52","slug":"bolsa-amostras-l-4fa3ab0523aef-718-4353-4356-4809","status":"publish","type":"product","link":"https:\/\/idealpesca.com\/loja\/produto\/bolsa-amostras-l-4fa3ab0523aef-718-4353-4356-4809\/","title":{"rendered":"Bolsa DAIWA de cintura"},"content":{"rendered":"<div class=\"product-content\">\n<div class=\"product-content-inner\">\n<div class=\"product-desc\">\n<p>\u00a0<\/p>\n<p>Este saco de cintura de m\u00e9dio formato \u00e9 muito pr\u00e1tico para as pescas itinerantes. A parte principal permite um grande armazenamento que pode acomodar os acess\u00f3rios mais volumosos, como caixas de pesca.<\/p>\n<p>Tem dois bolsos frontais, em que um deles tem o log\u00f3tipo D-Vec Daiwa. O modelo m\u00e9dio tem um pequeno e um grande bolso com capacidade de armazenamento de bolsas com amostras flex\u00edveis ou de uma pequena caixa.<\/p>\n<p>O cinto est\u00e1 equipado com uma bainha para alicate\/tesoura e de uma argola em PVC que pode receber, por exemplo, uma pega para peixe (fish grip). O cinto \u00e9 fechado por grandes clips refor\u00e7ados e possui de cada lado clips para ajustes r\u00e1pidos, por exemplo quando se passa de roupas volumosas para t-shirt.<\/p>\n<p>Exterior em tecido poli\u00e9ster espesso, 420 deniers. Saco ventral para todas as pescas din\u00e2micas com amostras.<\/p>\n<p>C\u00f4r: Preto<\/p>\n<table class=\"table bordered js-pswp-gallery\">\n<tr>\n<th>Refer\u00eancia<\/th>\n<th>Dimens\u00f5es<\/th>\n<\/tr>\n<tr>\n<td>DF1105<\/td>\n<td>35 x 12 x 19 cm<\/td>\n<td>\u00a0<\/td>\n<\/tr>\n<\/table>\n<\/div>\n<\/div>\n<\/div>\n<div class=\"product-content-next\">\u00a0<\/div>\n","protected":false},"excerpt":{"rendered":"<p>Uma bolsa de cintura com pe\u00e7a interior em Pvc amov\u00edvel para transporte de isco ou amostras<\/p>\n","protected":false},"featured_media":4656,"comment_status":"open","ping_status":"closed","template":"","meta":[],"product_brand":[],"product_cat":[169],"product_tag":[],"class_list":{"0":"post-1451","1":"product","2":"type-product","3":"status-publish","4":"has-post-thumbnail","6":"product_cat-130000-bolsas-e-caixas-para-amostras","8":"first","9":"outofstock","10":"taxable","11":"shipping-taxable","12":"purchasable","13":"product-type-simple"},"_links":{"self":[{"href":"https:\/\/idealpesca.com\/loja\/wp-json\/wp\/v2\/product\/1451","targetHints":{"allow":["GET"]}}],"collection":[{"href":"https:\/\/idealpesca.com\/loja\/wp-json\/wp\/v2\/product"}],"about":[{"href":"https:\/\/idealpesca.com\/loja\/wp-json\/wp\/v2\/types\/product"}],"replies":[{"embeddable":true,"href":"https:\/\/idealpesca.com\/loja\/wp-json\/wp\/v2\/comments?post=1451"}],"wp:featuredmedia":[{"embeddable":true,"href":"https:\/\/idealpesca.com\/loja\/wp-json\/wp\/v2\/media\/4656"}],"wp:attachment":[{"href":"https:\/\/idealpesca.com\/loja\/wp-json\/wp\/v2\/media?parent=1451"}],"wp:term":[{"taxonomy":"product_brand","embeddable":true,"href":"https:\/\/idealpesca.com\/loja\/wp-json\/wp\/v2\/product_brand?post=1451"},{"taxonomy":"product_cat","embeddable":true,"href":"https:\/\/idealpesca.com\/loja\/wp-json\/wp\/v2\/product_cat?post=1451"},{"taxonomy":"product_tag","embeddable":true,"href":"https:\/\/idealpesca.com\/loja\/wp-json\/wp\/v2\/product_tag?post=1451"}],"curies":[{"name":"wp","href":"https:\/\/api.w.org\/{rel}","templated":true}]}}