{"id":1430,"date":"2026-03-20T12:17:40","date_gmt":"2026-03-20T12:17:40","guid":{"rendered":"https:\/\/idealpesca.com\/loja\/produto\/zagaia-daiwa-saltiga-sk-jig-85-gr-3831-4685-4692\/"},"modified":"2026-03-20T23:56:37","modified_gmt":"2026-03-20T23:56:37","slug":"zagaia-daiwa-saltiga-sk-jig-85-gr-3831-4685-4692","status":"publish","type":"product","link":"https:\/\/idealpesca.com\/loja\/produto\/zagaia-daiwa-saltiga-sk-jig-85-gr-3831-4685-4692\/","title":{"rendered":"Prorex Metal Vib"},"content":{"rendered":"<p>A l\u00e2mina met\u00e1lica Prorex Metal Vib permite prospetar \u00e1reas importantes e bater terreno para detetar a presen\u00e7a de predadores.<\/p>\n<p>\u00c9 a ferramenta ideal para essa vasta prospe\u00e7\u00e3o chamada Power Fishing, que consiste em lan\u00e7ar e recuperar sem parar numa extensa \u00e1rea.<\/p>\n<p>A colher\u00a0opcional permite pescar mais horizontalmente, mas tamb\u00e9m pode ser usada para retardar a descida da amostra e insistir na coluna de \u00e1gua sem despertar a desconfian\u00e7a dos peixes nas zonas menos profundas.<\/p>\n","protected":false},"excerpt":{"rendered":"<p>5.5 CM<br \/>\n14 GR.<\/p>\n","protected":false},"featured_media":4633,"comment_status":"open","ping_status":"closed","template":"","meta":[],"product_brand":[],"product_cat":[54,258,43],"product_tag":[],"class_list":{"0":"post-1430","1":"product","2":"type-product","3":"status-publish","4":"has-post-thumbnail","6":"product_cat-030600-zagaiascasting-jigs-inchikus-e-light-rock-fishing","7":"product_cat-030604-daiwa","8":"product_cat-310000-novidades-gerais","10":"first","11":"instock","12":"taxable","13":"shipping-taxable","14":"purchasable","15":"product-type-variable"},"_links":{"self":[{"href":"https:\/\/idealpesca.com\/loja\/wp-json\/wp\/v2\/product\/1430","targetHints":{"allow":["GET"]}}],"collection":[{"href":"https:\/\/idealpesca.com\/loja\/wp-json\/wp\/v2\/product"}],"about":[{"href":"https:\/\/idealpesca.com\/loja\/wp-json\/wp\/v2\/types\/product"}],"replies":[{"embeddable":true,"href":"https:\/\/idealpesca.com\/loja\/wp-json\/wp\/v2\/comments?post=1430"}],"wp:featuredmedia":[{"embeddable":true,"href":"https:\/\/idealpesca.com\/loja\/wp-json\/wp\/v2\/media\/4633"}],"wp:attachment":[{"href":"https:\/\/idealpesca.com\/loja\/wp-json\/wp\/v2\/media?parent=1430"}],"wp:term":[{"taxonomy":"product_brand","embeddable":true,"href":"https:\/\/idealpesca.com\/loja\/wp-json\/wp\/v2\/product_brand?post=1430"},{"taxonomy":"product_cat","embeddable":true,"href":"https:\/\/idealpesca.com\/loja\/wp-json\/wp\/v2\/product_cat?post=1430"},{"taxonomy":"product_tag","embeddable":true,"href":"https:\/\/idealpesca.com\/loja\/wp-json\/wp\/v2\/product_tag?post=1430"}],"curies":[{"name":"wp","href":"https:\/\/api.w.org\/{rel}","templated":true}]}}