{"id":1427,"date":"2026-03-20T12:17:39","date_gmt":"2026-03-20T12:17:39","guid":{"rendered":"https:\/\/idealpesca.com\/loja\/produto\/oleo-de-limpeza-para-canas-e-carretos-penn-2210-5574\/"},"modified":"2026-04-17T18:09:59","modified_gmt":"2026-04-17T17:09:59","slug":"oleo-de-limpeza-para-canas-e-carretos-penn-2210-5574","status":"publish","type":"product","link":"https:\/\/idealpesca.com\/loja\/produto\/oleo-de-limpeza-para-canas-e-carretos-penn-2210-5574\/","title":{"rendered":"\u00d3leo para carretos ARDENT BUTTER 59ML"},"content":{"rendered":"<p>\u00a0<\/p>\n<p><span style=\"font-size: large;color: #000000\"><strong>&#8211; Ajuda a prevenir da corros\u00e3o e a acumula\u00e7\u00e3o de sal;<\/strong><\/span><\/p>\n<p><span style=\"font-size: large;color: #000000\"><strong>&#8211; Para o interior e exterior dos carretos;<\/strong><\/span><\/p>\n<p><span style=\"font-size: large;color: #000000\"><strong>&#8211; Protege os rolamentos ;<\/strong><\/span><\/p>\n<p><span style=\"font-size: large;color: #000000\"><strong>&#8211; embalagem de 59 ml.;<\/strong><\/span><\/p>\n","protected":false},"excerpt":{"rendered":"<p>Ideal para carretos de \u00e1gua salgada<\/p>\n","protected":false},"featured_media":4626,"comment_status":"open","ping_status":"closed","template":"","meta":[],"product_brand":[],"product_cat":[208],"product_tag":[],"class_list":{"0":"post-1427","1":"product","2":"type-product","3":"status-publish","4":"has-post-thumbnail","6":"product_cat-210000-oleos-massas-lubrificantes-colas","8":"first","9":"outofstock","10":"taxable","11":"shipping-taxable","12":"purchasable","13":"product-type-simple"},"_links":{"self":[{"href":"https:\/\/idealpesca.com\/loja\/wp-json\/wp\/v2\/product\/1427","targetHints":{"allow":["GET"]}}],"collection":[{"href":"https:\/\/idealpesca.com\/loja\/wp-json\/wp\/v2\/product"}],"about":[{"href":"https:\/\/idealpesca.com\/loja\/wp-json\/wp\/v2\/types\/product"}],"replies":[{"embeddable":true,"href":"https:\/\/idealpesca.com\/loja\/wp-json\/wp\/v2\/comments?post=1427"}],"wp:featuredmedia":[{"embeddable":true,"href":"https:\/\/idealpesca.com\/loja\/wp-json\/wp\/v2\/media\/4626"}],"wp:attachment":[{"href":"https:\/\/idealpesca.com\/loja\/wp-json\/wp\/v2\/media?parent=1427"}],"wp:term":[{"taxonomy":"product_brand","embeddable":true,"href":"https:\/\/idealpesca.com\/loja\/wp-json\/wp\/v2\/product_brand?post=1427"},{"taxonomy":"product_cat","embeddable":true,"href":"https:\/\/idealpesca.com\/loja\/wp-json\/wp\/v2\/product_cat?post=1427"},{"taxonomy":"product_tag","embeddable":true,"href":"https:\/\/idealpesca.com\/loja\/wp-json\/wp\/v2\/product_tag?post=1427"}],"curies":[{"name":"wp","href":"https:\/\/api.w.org\/{rel}","templated":true}]}}