{"id":1418,"date":"2026-03-20T12:17:37","date_gmt":"2026-03-20T12:17:37","guid":{"rendered":"https:\/\/idealpesca.com\/loja\/produto\/vadeador-daiwa-com-bota-e-respiravel-wdrb3c\/"},"modified":"2026-03-20T23:58:29","modified_gmt":"2026-03-20T23:58:29","slug":"vadeador-daiwa-com-bota-e-respiravel-wdrb3c","status":"publish","type":"product","link":"https:\/\/idealpesca.com\/loja\/produto\/vadeador-daiwa-com-bota-e-respiravel-wdrb3c\/","title":{"rendered":"Vadeador DAIWA COM BOTA E RESPIR\u00c1VEL WDRB3C"},"content":{"rendered":"<p>Estas waders desenvolvidas em 3 camadas respir\u00e1veis oferecem um conforto acrescido para o acompanhar nas sua pescas itinerantes no rio. \u00c9 ideal para procurar salmon\u00eddeos em \u00e1guas com corrente ou na pesca da carpa no inverno. O \u00edndice de respirabilidade \u00e9 de 3000 MVP, e o de estanqueidade \u00e9 de 15000 MVP. Est\u00e1 equipada com botas de borracha com sola com rasto.<\/p>\n<p>Dispon\u00edvel nos tamanhos M a XXL.<\/p>\n<table class=\"table bordered js-pswp-gallery\">\n<tr>\n<th>Tamanho<\/th>\n<th>N\u00famero<\/th>\n<th>Anca per\u00edm. \/ Gancho<\/th>\n<th>Refer\u00eancia<\/th>\n<\/tr>\n<tr>\n<td>M<\/td>\n<td>40 \/ 41<\/td>\n<td>116 \/ 91 cm<\/td>\n<td>WDRB3C4041<\/td>\n<td>\u00a0<\/td>\n<\/tr>\n<tr>\n<td>L<\/td>\n<td>42 \/ 43<\/td>\n<td>125 \/ 94 cm<\/td>\n<td>WDRB3C4243<\/td>\n<td>\u00a0<\/td>\n<\/tr>\n<tr>\n<td>XL<\/td>\n<td>44 \/ 45<\/td>\n<td>131 \/ 97 cm<\/td>\n<td>WDRB3C4445<\/td>\n<td>\u00a0<\/td>\n<\/tr>\n<tr>\n<td>XXL<\/td>\n<td>46 \/ 47<\/td>\n<td>141 \/ 99 cm<\/td>\n<td>WDRB3C4647<\/td>\n<td>\u00a0<\/td>\n<\/tr>\n<\/table>\n","protected":false},"excerpt":{"rendered":"<p>Est\u00e1 equipada com botas de borracha com sola com rasto<\/p>\n","protected":false},"featured_media":4621,"comment_status":"open","ping_status":"closed","template":"","meta":[],"product_brand":[],"product_cat":[38,517],"product_tag":[],"class_list":{"0":"post-1418","1":"product","2":"type-product","3":"status-publish","4":"has-post-thumbnail","6":"product_cat-230000-vadeadores","7":"product_cat-ideal-pesca","9":"first","10":"instock","11":"taxable","12":"shipping-taxable","13":"purchasable","14":"product-type-variable"},"_links":{"self":[{"href":"https:\/\/idealpesca.com\/loja\/wp-json\/wp\/v2\/product\/1418","targetHints":{"allow":["GET"]}}],"collection":[{"href":"https:\/\/idealpesca.com\/loja\/wp-json\/wp\/v2\/product"}],"about":[{"href":"https:\/\/idealpesca.com\/loja\/wp-json\/wp\/v2\/types\/product"}],"replies":[{"embeddable":true,"href":"https:\/\/idealpesca.com\/loja\/wp-json\/wp\/v2\/comments?post=1418"}],"wp:featuredmedia":[{"embeddable":true,"href":"https:\/\/idealpesca.com\/loja\/wp-json\/wp\/v2\/media\/4621"}],"wp:attachment":[{"href":"https:\/\/idealpesca.com\/loja\/wp-json\/wp\/v2\/media?parent=1418"}],"wp:term":[{"taxonomy":"product_brand","embeddable":true,"href":"https:\/\/idealpesca.com\/loja\/wp-json\/wp\/v2\/product_brand?post=1418"},{"taxonomy":"product_cat","embeddable":true,"href":"https:\/\/idealpesca.com\/loja\/wp-json\/wp\/v2\/product_cat?post=1418"},{"taxonomy":"product_tag","embeddable":true,"href":"https:\/\/idealpesca.com\/loja\/wp-json\/wp\/v2\/product_tag?post=1418"}],"curies":[{"name":"wp","href":"https:\/\/api.w.org\/{rel}","templated":true}]}}