{"id":1410,"date":"2026-03-20T12:17:35","date_gmt":"2026-03-20T12:17:35","guid":{"rendered":"https:\/\/idealpesca.com\/loja\/produto\/vinil-tournament-dfin-daiwa-1250-cm-5\/"},"modified":"2026-03-20T23:58:56","modified_gmt":"2026-03-20T23:58:56","slug":"vinil-tournament-dfin-daiwa-1250-cm-5","status":"publish","type":"product","link":"https:\/\/idealpesca.com\/loja\/produto\/vinil-tournament-dfin-daiwa-1250-cm-5\/","title":{"rendered":"Vinil Tournament D&#8217;Fin DAIWA 12,50 cm 5&#8220;"},"content":{"rendered":"<p>Fabricado no Jap\u00e3o, este shad est\u00e1 dispon\u00edvel em tr\u00eas\u00a0comprimentos (3, 4 e 5 polegadas), pode ser montado sobre um anzol Texas para a pesca entre duas \u00e1guas ou um cabe\u00e7ote em chumbo para as pescas em linear sobre o fundo. A flexibilidade do material e a estrutura da cauda d\u00e3o-lhe uma a\u00e7\u00e3o de nata\u00e7\u00e3o imediata \u00e0 mais pequena anima\u00e7\u00e3o, mesmo a baixa velocidade de recupera\u00e7\u00e3o. \u00c9 &#8220;A&#8221; amostra flex\u00edvel das pescas dif\u00edceis por excel\u00eancia. Dois longos cortes no dorso e na barriga facilitam a montagem Texas assegurando um bom posicionamento do anzol para uma ferragem \u00f3tima.<\/p>\n<p>Saquetas de 5 pe\u00e7as para os de 12.50 cm( 5 polegadas).<\/p>\n<p>\u00a0https:\/\/youtu.be\/rzs1DsY5q1A<\/p>\n<p>\u00a0<\/p>\n","protected":false},"excerpt":{"rendered":"<p>Fabricado no Jap\u00e3o<br \/>\nEMBALAGEM COM 5 UNIDADES<\/p>\n","protected":false},"featured_media":4606,"comment_status":"open","ping_status":"closed","template":"","meta":[],"product_brand":[],"product_cat":[53,252,517],"product_tag":[],"class_list":{"0":"post-1410","1":"product","2":"type-product","3":"status-publish","4":"has-post-thumbnail","6":"product_cat-030400-amostras-vinil","7":"product_cat-030402-daiwa","8":"product_cat-ideal-pesca","10":"first","11":"instock","12":"taxable","13":"shipping-taxable","14":"purchasable","15":"product-type-variable"},"_links":{"self":[{"href":"https:\/\/idealpesca.com\/loja\/wp-json\/wp\/v2\/product\/1410","targetHints":{"allow":["GET"]}}],"collection":[{"href":"https:\/\/idealpesca.com\/loja\/wp-json\/wp\/v2\/product"}],"about":[{"href":"https:\/\/idealpesca.com\/loja\/wp-json\/wp\/v2\/types\/product"}],"replies":[{"embeddable":true,"href":"https:\/\/idealpesca.com\/loja\/wp-json\/wp\/v2\/comments?post=1410"}],"wp:featuredmedia":[{"embeddable":true,"href":"https:\/\/idealpesca.com\/loja\/wp-json\/wp\/v2\/media\/4606"}],"wp:attachment":[{"href":"https:\/\/idealpesca.com\/loja\/wp-json\/wp\/v2\/media?parent=1410"}],"wp:term":[{"taxonomy":"product_brand","embeddable":true,"href":"https:\/\/idealpesca.com\/loja\/wp-json\/wp\/v2\/product_brand?post=1410"},{"taxonomy":"product_cat","embeddable":true,"href":"https:\/\/idealpesca.com\/loja\/wp-json\/wp\/v2\/product_cat?post=1410"},{"taxonomy":"product_tag","embeddable":true,"href":"https:\/\/idealpesca.com\/loja\/wp-json\/wp\/v2\/product_tag?post=1410"}],"curies":[{"name":"wp","href":"https:\/\/api.w.org\/{rel}","templated":true}]}}