{"id":1405,"date":"2026-03-20T12:17:34","date_gmt":"2026-03-20T12:17:34","guid":{"rendered":"https:\/\/idealpesca.com\/loja\/produto\/cana-daiwa-legalis-782-mlbf-2-34mt\/"},"modified":"2026-03-20T23:47:02","modified_gmt":"2026-03-20T23:47:02","slug":"cana-daiwa-legalis-782-mlbf-2-34mt","status":"publish","type":"product","link":"https:\/\/idealpesca.com\/loja\/produto\/cana-daiwa-legalis-782-mlbf-2-34mt\/","title":{"rendered":"Cana DAIWA LEGALIS 782 MLBF 2.34mt"},"content":{"rendered":"<div class=\"product-content\">\n<div class=\"product-content-inner\">\n<div class=\"polymorphic-table product-table overflow-left\">\n<div class=\"polymorphic-table-inner\">\n<div class=\"product-content\">\n<div class=\"product-content-inner\">\n<ul>\n<li>Blank carbono alto m\u00f3dulo<\/li>\n<li>Encaixe direito<\/li>\n<li>Passadores FUJI<\/li>\n<li>Porta carreto FUJI ergon\u00f3mico a anel roscado EVA<\/li>\n<li>Pega EVA<\/li>\n<li>A\u00e7\u00e3o de ponta suave e progressiva<\/li>\n<\/ul>\n<div class=\"row\">\n<div class=\"col-1_1  product-technologies\">\n<h4>\u00a0<\/h4>\n<div class=\"row xcondensed\">\n<div class=\"col-1_4 sm-1_5 md-1_4 lg-1_6 xl-1_8\">COMPRIMENTO &#8211; 2.34MT<\/div>\n<div class=\"col-1_4 sm-1_5 md-1_4 lg-1_6 xl-1_8\">2 SEC\u00c7\u00d5ES<\/div>\n<div class=\"col-1_4 sm-1_5 md-1_4 lg-1_6 xl-1_8\">A\u00c7\u00c3O 5-21G<\/div>\n<div class=\"col-1_4 sm-1_5 md-1_4 lg-1_6 xl-1_8\">TONEIRAS 2 A 3.5<\/div>\n<div class=\"col-1_4 sm-1_5 md-1_4 lg-1_6 xl-1_8\">\u00a0<\/div>\n<div class=\"col-1_4 sm-1_5 md-1_4 lg-1_6 xl-1_8\">\n<table class=\"table bordered js-pswp-gallery\">\n<tr>\n<th>\u00a0<\/th>\n<th>Refer\u00eancia<\/th>\n<th>Comprimento<\/th>\n<th>Elementos<\/th>\n<th>Desmontada<\/th>\n<th>Peso<\/th>\n<th>Passadores<\/th>\n<th>Pot\u00eancia<\/th>\n<\/tr>\n<tr>\n<td>\u00a0<\/td>\n<td>LEGSD802LBF<\/td>\n<td>2,44m<\/td>\n<td>2<\/td>\n<td>125cm<\/td>\n<td>116g<\/td>\n<td>8<\/td>\n<td>#2-3 \/ 5-15g<\/td>\n<\/tr>\n<tr>\n<td>\u00a0<\/td>\n<td>LEGSD902LBF<\/td>\n<td>2,72m<\/td>\n<td>2<\/td>\n<td>141cm<\/td>\n<td>129g<\/td>\n<td>9<\/td>\n<td>#2-3 \/ 5-15g<\/td>\n<\/tr>\n<tr>\n<td>\u00a0<\/td>\n<td><a href=\"https:\/\/www.daiwa.pt\/uploads\/products\/rods\/2020\/10\/legsd782mlbf_1200x2400.jpg\"> <span class=\"inner\"> <img decoding=\"async\" src=\"image\/gif;base64,R0lGODlhAQACAIAAAMLCwgAAACH5BAAAAAAALAAAAAABAAIAAAICBAoAOw==\" alt=\"\" width=\"1\" height=\"2\" \/><\/span><\/a><br \/>\nLEGSD782MLBF\n<\/td>\n<td>2,34m<\/td>\n<td>2<\/td>\n<td>120cm<\/td>\n<td>117g<\/td>\n<td>8<\/td>\n<td>#2-3,5 \/ 5-21g<\/td>\n<\/tr>\n<tr>\n<td>\u00a0<\/td>\n<td>LEGSD832MLBF<\/td>\n<td>2,52m<\/td>\n<td>2<\/td>\n<td>129cm<\/td>\n<td>121g<\/td>\n<td>8<\/td>\n<td>#2-3,5 \/ 5-21g<\/td>\n<\/tr>\n<tr>\n<td><span class=\"new\">N<\/span><\/td>\n<td><a href=\"https:\/\/www.daiwa.pt\/uploads\/products\/rods\/2021\/10\/legsd862mlbf_1200x2400.jpg\"> <span class=\"inner\"> <img decoding=\"async\" src=\"image\/gif;base64,R0lGODlhAQACAIAAAMLCwgAAACH5BAAAAAAALAAAAAABAAIAAAICBAoAOw==\" alt=\"\" width=\"1\" height=\"2\" \/><\/span><\/a><br \/>\nLEGSD862MLBF\n<\/td>\n<td>2,59m<\/td>\n<td>2<\/td>\n<td>133cm<\/td>\n<td>132g<\/td>\n<td>8<\/td>\n<td>#2-3,5 \/ 5-21g<\/td>\n<\/tr>\n<tr>\n<td>\u00a0<\/td>\n<td><a href=\"https:\/\/www.daiwa.pt\/uploads\/products\/rods\/2020\/10\/legsd862mhbf_1200x2400.jpg\"> <span class=\"inner\"> <img decoding=\"async\" src=\"image\/gif;base64,R0lGODlhAQACAIAAAMLCwgAAACH5BAAAAAAALAAAAAABAAIAAAICBAoAOw==\" alt=\"\" width=\"1\" height=\"2\" \/><\/span><\/a><br \/>\nLEGSD862MHBF\n<\/td>\n<td>2,59m<\/td>\n<td>2<\/td>\n<td>133cm<\/td>\n<td>135g<\/td>\n<td>8<\/td>\n<td>#2,5-4 \/ 7-28g<\/td>\n<\/tr>\n<\/table>\n<\/div>\n<\/div>\n<\/div>\n<\/div>\n<\/div>\n<\/div>\n<\/div>\n<\/div>\n<\/div>\n<\/div>\n","protected":false},"excerpt":{"rendered":"<p>As LEGALIS  s\u00e3o concebidas para os pescadores de cefal\u00f3podes em zonas rochosas e portu\u00e1rias.<br \/>\nIdeal para os chocos<\/p>\n","protected":false},"featured_media":4600,"comment_status":"open","ping_status":"closed","template":"","meta":[],"product_brand":[],"product_cat":[575,522],"product_tag":[],"class_list":{"0":"post-1405","1":"product","2":"type-product","3":"status-publish","4":"has-post-thumbnail","6":"product_cat-010800-pesca-ao-choco-egingcefalopodes","7":"product_cat-010803-daiwa","9":"first","10":"instock","11":"taxable","12":"shipping-taxable","13":"purchasable","14":"product-type-variable"},"_links":{"self":[{"href":"https:\/\/idealpesca.com\/loja\/wp-json\/wp\/v2\/product\/1405","targetHints":{"allow":["GET"]}}],"collection":[{"href":"https:\/\/idealpesca.com\/loja\/wp-json\/wp\/v2\/product"}],"about":[{"href":"https:\/\/idealpesca.com\/loja\/wp-json\/wp\/v2\/types\/product"}],"replies":[{"embeddable":true,"href":"https:\/\/idealpesca.com\/loja\/wp-json\/wp\/v2\/comments?post=1405"}],"wp:featuredmedia":[{"embeddable":true,"href":"https:\/\/idealpesca.com\/loja\/wp-json\/wp\/v2\/media\/4600"}],"wp:attachment":[{"href":"https:\/\/idealpesca.com\/loja\/wp-json\/wp\/v2\/media?parent=1405"}],"wp:term":[{"taxonomy":"product_brand","embeddable":true,"href":"https:\/\/idealpesca.com\/loja\/wp-json\/wp\/v2\/product_brand?post=1405"},{"taxonomy":"product_cat","embeddable":true,"href":"https:\/\/idealpesca.com\/loja\/wp-json\/wp\/v2\/product_cat?post=1405"},{"taxonomy":"product_tag","embeddable":true,"href":"https:\/\/idealpesca.com\/loja\/wp-json\/wp\/v2\/product_tag?post=1405"}],"curies":[{"name":"wp","href":"https:\/\/api.w.org\/{rel}","templated":true}]}}