{"id":1402,"date":"2026-03-20T12:17:33","date_gmt":"2026-03-20T12:17:33","guid":{"rendered":"https:\/\/idealpesca.com\/loja\/produto\/cana-daiwa-sensor-squid-2-40mts\/"},"modified":"2026-03-20T23:47:51","modified_gmt":"2026-03-20T23:47:51","slug":"cana-daiwa-sensor-squid-2-40mts","status":"publish","type":"product","link":"https:\/\/idealpesca.com\/loja\/produto\/cana-daiwa-sensor-squid-2-40mts\/","title":{"rendered":"Cana DAIWA sensor SQUID 2.40mts."},"content":{"rendered":"<div class=\"product-content\">\n<div class=\"product-content-inner\">\n<div class=\"polymorphic-table product-table overflow-left\">\n<div class=\"polymorphic-table-inner\">\n<div class=\"product-content\">\n<div class=\"product-content-inner\">\n<div class=\"product-desc\">\n<p>\u00a0<\/p>\n<\/div>\n<ul>\n<li>Blank carbono alto m\u00f3dulo<\/li>\n<li>Encaixe direito<\/li>\n<li>Passadores OAL, 2 duplos depois monopata at\u00e9 \u00e0 sponteira<\/li>\n<li>Porta-carreto ventilado com rosca<\/li>\n<li>Pega em mousse EVA e batente antiderrapante<\/li>\n<li>A\u00e7\u00e3o de ponta<\/li>\n<\/ul>\n<div class=\"row\">\u00a0<\/div>\n<div class=\"polymorphic-table product-table\">\u00a0<\/div>\n<div class=\"polymorphic-table product-table\">\n<table class=\"table bordered js-pswp-gallery\">\n<tr>\n<th>Refer\u00eancia<\/th>\n<th>Comprimento<\/th>\n<th>Elementos<\/th>\n<th>Desmontada<\/th>\n<th>Peso<\/th>\n<th>Passadores<\/th>\n<th>Pot\u00eancia<\/th>\n<th>\u00a0<\/th>\n<\/tr>\n<tr>\n<td>SESD832MLFSAF<\/td>\n<td>2.52m<\/td>\n<td>2<\/td>\n<td>130cm<\/td>\n<td>173g<\/td>\n<td>7<\/td>\n<td>5-21g<\/td>\n<td>\u00a0<\/td>\n<td>\u00a0<\/td>\n<\/tr>\n<tr>\n<td>\u00a0SESD702MFSAF<\/td>\n<td><a href=\"https:\/\/www.daiwa.pt\/uploads\/products\/rods\/2020\/10\/sesd702mfsaf_1200x2400.jpg\"><span class=\"inner\"><img decoding=\"async\" src=\"image\/gif;base64,R0lGODlhAQACAIAAAMLCwgAAACH5BAAAAAAALAAAAAABAAIAAAICBAoAOw==\" alt=\"\" width=\"1\" height=\"2\" \/><\/span><\/a><br \/>\n2.10m\n<\/td>\n<td>2<\/td>\n<td>109cm<\/td>\n<td>156g<\/td>\n<td>7<\/td>\n<td>5-21g<\/td>\n<td>\u00a0<\/td>\n<td>\u00a0<\/td>\n<\/tr>\n<tr>\n<td>\u00a0SESD802MFSAF<\/td>\n<td><a href=\"https:\/\/www.daiwa.pt\/uploads\/products\/rods\/2020\/10\/sesd802mfsaf_1200x2400.jpg\"><span class=\"inner\"><img decoding=\"async\" src=\"image\/gif;base64,R0lGODlhAQACAIAAAMLCwgAAACH5BAAAAAAALAAAAAABAAIAAAICBAoAOw==\" alt=\"\" width=\"1\" height=\"2\" \/><\/span><\/a><br \/>\n2.4m\n<\/td>\n<td>2<\/td>\n<td>124cm<\/td>\n<td>167g<\/td>\n<td>7<\/td>\n<td>5-21g<\/td>\n<td>\u00a0<\/td>\n<td>\u00a0<\/td>\n<\/tr>\n<tr>\n<td><span class=\"new\">SESD862MFSAF<\/span><\/td>\n<td>2.59m<\/td>\n<td>2<\/td>\n<td>134cm<\/td>\n<td>179g<\/td>\n<td>7<\/td>\n<td>5-21g<\/td>\n<td>\u00a0<\/td>\n<td>\u00a0<\/td>\n<\/tr>\n<tr>\n<td>\u00a0SESD802MHFSAF<\/td>\n<td><a href=\"https:\/\/www.daiwa.pt\/uploads\/products\/rods\/2020\/10\/sesd802mhfsaf_1200x2400.jpg\"><span class=\"inner\"><img decoding=\"async\" src=\"image\/gif;base64,R0lGODlhAQACAIAAAMLCwgAAACH5BAAAAAAALAAAAAABAAIAAAICBAoAOw==\" alt=\"\" width=\"1\" height=\"2\" \/><\/span><\/a><br \/>\n2.40m\n<\/td>\n<td>2<\/td>\n<td>125cm<\/td>\n<td>172g<\/td>\n<td>7<\/td>\n<td>5-28g<\/td>\n<td>\u00a0<\/td>\n<td>\u00a0<\/td>\n<\/tr>\n<\/table>\n<\/div>\n<\/div>\n<\/div>\n<\/div>\n<\/div>\n<\/div>\n<\/div>\n","protected":false},"excerpt":{"rendered":"<p>A cana Sensor Boat Squid \u00e9 dedicada \u00e0 pesca dos cefal\u00f3podes de barco \u00e0 deriva. Com uma faixa de pot\u00eancia de 5 a 28g, as tr\u00eas canas da gama s\u00e3o polivalentes! Com uma ponteira muito flex\u00edvel, ela saber\u00e1 iludir a desconfian\u00e7a de chocos e lulas. A sua forte pot\u00eancia no elemento base permitir\u00e1 que controle o combate sem dificuldade, mesmo com os grandes esp\u00e9cimes.<br \/>\nIdeal para os chocos<\/p>\n","protected":false},"featured_media":4595,"comment_status":"open","ping_status":"closed","template":"","meta":[],"product_brand":[],"product_cat":[575,522,43],"product_tag":[],"class_list":{"0":"post-1402","1":"product","2":"type-product","3":"status-publish","4":"has-post-thumbnail","6":"product_cat-010800-pesca-ao-choco-egingcefalopodes","7":"product_cat-010803-daiwa","8":"product_cat-310000-novidades-gerais","10":"first","11":"instock","12":"taxable","13":"shipping-taxable","14":"purchasable","15":"product-type-variable"},"_links":{"self":[{"href":"https:\/\/idealpesca.com\/loja\/wp-json\/wp\/v2\/product\/1402","targetHints":{"allow":["GET"]}}],"collection":[{"href":"https:\/\/idealpesca.com\/loja\/wp-json\/wp\/v2\/product"}],"about":[{"href":"https:\/\/idealpesca.com\/loja\/wp-json\/wp\/v2\/types\/product"}],"replies":[{"embeddable":true,"href":"https:\/\/idealpesca.com\/loja\/wp-json\/wp\/v2\/comments?post=1402"}],"wp:featuredmedia":[{"embeddable":true,"href":"https:\/\/idealpesca.com\/loja\/wp-json\/wp\/v2\/media\/4595"}],"wp:attachment":[{"href":"https:\/\/idealpesca.com\/loja\/wp-json\/wp\/v2\/media?parent=1402"}],"wp:term":[{"taxonomy":"product_brand","embeddable":true,"href":"https:\/\/idealpesca.com\/loja\/wp-json\/wp\/v2\/product_brand?post=1402"},{"taxonomy":"product_cat","embeddable":true,"href":"https:\/\/idealpesca.com\/loja\/wp-json\/wp\/v2\/product_cat?post=1402"},{"taxonomy":"product_tag","embeddable":true,"href":"https:\/\/idealpesca.com\/loja\/wp-json\/wp\/v2\/product_tag?post=1402"}],"curies":[{"name":"wp","href":"https:\/\/api.w.org\/{rel}","templated":true}]}}