{"id":1390,"date":"2026-03-20T12:17:31","date_gmt":"2026-03-20T12:17:31","guid":{"rendered":"https:\/\/idealpesca.com\/loja\/produto\/cana-daiwa-legalis-seabass-legsb1002hxhfsaf\/"},"modified":"2026-03-20T23:47:03","modified_gmt":"2026-03-20T23:47:03","slug":"cana-daiwa-legalis-seabass-legsb1002hxhfsaf","status":"publish","type":"product","link":"https:\/\/idealpesca.com\/loja\/produto\/cana-daiwa-legalis-seabass-legsb1002hxhfsaf\/","title":{"rendered":"Cana DAIWA LEGALIS SEABASS LEGSB1002HXHFSAF"},"content":{"rendered":"<div class=\"product-desc\">\n<p>As canas Legalis SeaBass s\u00e3o concebidas para o lan\u00e7ado. A partir das rochas costeiras ou praias, lance as amostras com paleta a grande dist\u00e2ncia gra\u00e7as aos passadores Fuji Concept O com um modelo Lowrider na ponta para limitar enleios. Um refor\u00e7o em carbono cruzado \u00e9 aplicado ao longo da cana para refor\u00e7ar o blank. Os elementos inferiores altos oferecem uma alavanca confort\u00e1vel para trabalhar, abeirar e p\u00f4r em seco robalos sobre as rochas. A sua rela\u00e7\u00e3o qualidade-pre\u00e7o \u00e9 excelente!<\/p>\n<\/div>\n<ul>\n<li>Blank carbono alto m\u00f3dulo com refor\u00e7o de carbono cruzado sobre todo o comprimento da cana<\/li>\n<li>Encaixe invertido<\/li>\n<li>Passadores Fuji O Ring<\/li>\n<li>Porta-carreto tubular de rosca Fuji DPS<\/li>\n<li>Pega mousse EVA alta densidade<\/li>\n<li>A\u00e7\u00e3o progressiva<\/li>\n<\/ul>\n<table class=\"table bordered js-pswp-gallery\">\n<tr>\n<th>\u00a0<\/th>\n<th>Refer\u00eancia<\/th>\n<th>Comprimento<\/th>\n<th>Elementos<\/th>\n<th>Desmontada<\/th>\n<th>Peso<\/th>\n<th>Passadores<\/th>\n<th>Pot\u00eancia<\/th>\n<\/tr>\n<tr>\n<td><span class=\"new\">N<\/span><\/td>\n<td>LEGSB702HMHFSAF<\/td>\n<td>2,10m<\/td>\n<td>2<\/td>\n<td>110cm<\/td>\n<td>125g<\/td>\n<td>8<\/td>\n<td>10-35g<\/td>\n<\/tr>\n<tr>\n<td><span class=\"new\">N<\/span><\/td>\n<td>LEGSB802HMHFSAF<\/td>\n<td>2,40m<\/td>\n<td>2<\/td>\n<td>125cm<\/td>\n<td>134g<\/td>\n<td>9<\/td>\n<td>10-35g<\/td>\n<\/tr>\n<tr>\n<td><span class=\"new\">N<\/span><\/td>\n<td><a href=\"https:\/\/www.daiwa.pt\/uploads\/products\/rods\/2020\/10\/legsb862hmhfsaf_1200x2400.jpg\"> <span class=\"inner\"> <img decoding=\"async\" src=\"image\/gif;base64,R0lGODlhAQACAIAAAMLCwgAAACH5BAAAAAAALAAAAAABAAIAAAICBAoAOw==\" alt=\"\" width=\"1\" height=\"2\" \/><\/span><\/a><br \/>\nLEGSB862HMHFSAF\n<\/td>\n<td>2,59m<\/td>\n<td>2<\/td>\n<td>133cm<\/td>\n<td>141g<\/td>\n<td>9<\/td>\n<td>10-35g<\/td>\n<\/tr>\n<tr>\n<td><span class=\"new\">N<\/span><\/td>\n<td>LEGSB902HMHFSAF<\/td>\n<td>2,72m<\/td>\n<td>2<\/td>\n<td>140cm<\/td>\n<td>157g<\/td>\n<td>9<\/td>\n<td>10-35g<\/td>\n<\/tr>\n<tr>\n<td><span class=\"new\">N<\/span><\/td>\n<td>LEGSB702HFSAF<\/td>\n<td>2,10m<\/td>\n<td>2<\/td>\n<td>110Cm<\/td>\n<td>139g<\/td>\n<td>8<\/td>\n<td>14-42g<\/td>\n<\/tr>\n<tr>\n<td><span class=\"new\">N<\/span><\/td>\n<td>LEGSB802HFSAF<\/td>\n<td>2,40m<\/td>\n<td>2<\/td>\n<td>126cm<\/td>\n<td>150g<\/td>\n<td>9<\/td>\n<td>14-42g<\/td>\n<\/tr>\n<tr>\n<td><span class=\"new\">N<\/span><\/td>\n<td>LEGSB902HFSAF<\/td>\n<td>2,72m<\/td>\n<td>2<\/td>\n<td>141cm<\/td>\n<td>181g<\/td>\n<td>9<\/td>\n<td>14-42g<\/td>\n<\/tr>\n<tr>\n<td><span class=\"new\">N<\/span><\/td>\n<td>LEGSB962HFSAF<\/td>\n<td>2,90m<\/td>\n<td>2<\/td>\n<td>148cm<\/td>\n<td>183g<\/td>\n<td>9<\/td>\n<td>14-42g<\/td>\n<\/tr>\n<tr>\n<td><span class=\"new\">N<\/span><\/td>\n<td>LEGSB1062HFSAF<\/td>\n<td>3,30m<\/td>\n<td>2<\/td>\n<td>163cm<\/td>\n<td>197g<\/td>\n<td>10<\/td>\n<td>14-42g<\/td>\n<\/tr>\n<tr>\n<td><span class=\"new\">N<\/span><\/td>\n<td>LEGSB1102HFSAF<\/td>\n<td>3,33m<\/td>\n<td>2<\/td>\n<td>171cm<\/td>\n<td>211g<\/td>\n<td>10<\/td>\n<td>14-42g<\/td>\n<\/tr>\n<tr>\n<td><span class=\"new\">N<\/span><\/td>\n<td><a href=\"https:\/\/www.daiwa.pt\/uploads\/products\/rods\/2020\/10\/legsb902hxhfsaf_1200x2400.jpg\"> <span class=\"inner\"> <img decoding=\"async\" src=\"image\/gif;base64,R0lGODlhAQACAIAAAMLCwgAAACH5BAAAAAAALAAAAAABAAIAAAICBAoAOw==\" alt=\"\" width=\"1\" height=\"2\" \/><\/span><\/a><br \/>\nLEGSB902HXHFSAF\n<\/td>\n<td>2,72m<\/td>\n<td>2<\/td>\n<td>141cm<\/td>\n<td>203g<\/td>\n<td>9<\/td>\n<td>14-56g<\/td>\n<\/tr>\n<tr>\n<td><span class=\"new\">N<\/span><\/td>\n<td>LEGSB1002HXHFSAF<\/td>\n<td>3,05m<\/td>\n<td>2<\/td>\n<td>157cm<\/td>\n<td>235g<\/td>\n<td>10<\/td>\n<td>14-56g<\/td>\n<\/tr>\n<tr>\n<td><span class=\"new\">N<\/span><\/td>\n<td>LEGSB1102XHFSAF<\/td>\n<td>3,30m<\/td>\n<td>2<\/td>\n<td>174cm<\/td>\n<td>314g<\/td>\n<td>10<\/td>\n<td>28-84g<\/td>\n<\/tr>\n<\/table>\n<ul>\n<li><!-- product-table -->\n<div class=\"product-alt-sidebar\">\n<div class=\"row condensed product-share\">\n<div class=\"col-1_1 xl-1_3\">\u00a0<\/div>\n<\/div>\n<\/div>\n<div class=\"layout-wrapper\">\n<div class=\"row footer-links\">\n<div class=\"col-1_1 md-1_2 lg-1_4\">\n\u00a0\n<\/div>\n<\/div>\n<p><!-- footer-links --><\/p>\n<div class=\"footer-signature\">\n<div class=\"image\">\u00a0<\/div>\n<div class=\"text\">&lt;!&#8211; <a href=\"http:\/\/www.crossemedia.fr\/\" target=\"_blank\"><\/a> &#8211;&gt;<\/div>\n<\/div>\n<\/div>\n<p><!--.layout-wrapper --><!--.layout-footer --> <!-- script ie8 --><\/p>\n<div class=\"pswp\">\n<div class=\"pswp__bg\">\u00a0<\/div>\n<div class=\"pswp__scroll-wrap\">\n<div class=\"pswp__container\">\u00a0<\/div>\n<div class=\"pswp__ui pswp__ui--hidden\">\n<div class=\"pswp__top-bar\">\n<div class=\"pswp__counter\">\u00a0<\/div>\n<div class=\"pswp__preloader\">\u00a0<\/div>\n<\/div>\n<div class=\"pswp__share-modal pswp__share-modal--hidden pswp__single-tap\">\u00a0<\/div>\n<\/div>\n<\/div>\n<\/div>\n<\/li>\n<\/ul>\n","protected":false},"excerpt":{"rendered":"<p>As canas Legalis SeaBass s\u00e3o concebidas para o lan\u00e7amento de amostras<\/p>\n","protected":false},"featured_media":4581,"comment_status":"open","ping_status":"closed","template":"","meta":[],"product_brand":[],"product_cat":[545,145],"product_tag":[],"class_list":{"0":"post-1390","1":"product","2":"type-product","3":"status-publish","4":"has-post-thumbnail","6":"product_cat-010200-spinning","7":"product_cat-010203-daiwa","9":"first","10":"instock","11":"taxable","12":"shipping-taxable","13":"product-type-variable"},"_links":{"self":[{"href":"https:\/\/idealpesca.com\/loja\/wp-json\/wp\/v2\/product\/1390","targetHints":{"allow":["GET"]}}],"collection":[{"href":"https:\/\/idealpesca.com\/loja\/wp-json\/wp\/v2\/product"}],"about":[{"href":"https:\/\/idealpesca.com\/loja\/wp-json\/wp\/v2\/types\/product"}],"replies":[{"embeddable":true,"href":"https:\/\/idealpesca.com\/loja\/wp-json\/wp\/v2\/comments?post=1390"}],"wp:featuredmedia":[{"embeddable":true,"href":"https:\/\/idealpesca.com\/loja\/wp-json\/wp\/v2\/media\/4581"}],"wp:attachment":[{"href":"https:\/\/idealpesca.com\/loja\/wp-json\/wp\/v2\/media?parent=1390"}],"wp:term":[{"taxonomy":"product_brand","embeddable":true,"href":"https:\/\/idealpesca.com\/loja\/wp-json\/wp\/v2\/product_brand?post=1390"},{"taxonomy":"product_cat","embeddable":true,"href":"https:\/\/idealpesca.com\/loja\/wp-json\/wp\/v2\/product_cat?post=1390"},{"taxonomy":"product_tag","embeddable":true,"href":"https:\/\/idealpesca.com\/loja\/wp-json\/wp\/v2\/product_tag?post=1390"}],"curies":[{"name":"wp","href":"https:\/\/api.w.org\/{rel}","templated":true}]}}