{"id":1376,"date":"2026-03-20T12:17:26","date_gmt":"2026-03-20T12:17:26","guid":{"rendered":"https:\/\/idealpesca.com\/loja\/produto\/cabeca-de-xalavar-barros-boca-3367\/"},"modified":"2026-03-20T23:43:56","modified_gmt":"2026-03-20T23:43:56","slug":"cabeca-de-xalavar-barros-boca-3367","status":"publish","type":"product","link":"https:\/\/idealpesca.com\/loja\/produto\/cabeca-de-xalavar-barros-boca-3367\/","title":{"rendered":"Cabe\u00e7a BOCA SALTWATER Barros"},"content":{"rendered":"<p>\u00a0Barros<\/p>\n<p>BOCA SALTWATER 60<\/p>\n<ul>\n<li>Boca: 50x60cm<\/li>\n<li>Malha da rede: 70mm<\/li>\n<\/ul>\n<p>\u00a0<\/p>\n<p>BOCA SALTWATER 50<\/p>\n<ul>\n<li>Boca: 45x50cm<\/li>\n<li>Malha da rede: 70mm<\/li>\n<\/ul>\n","protected":false},"excerpt":{"rendered":"<p>Cabe\u00e7a para camaroeiro de mar, toda em alum\u00ednio e com rede monofilamento de 70mm. Macho com rosca universal para cabos em fibra, em carbono ou em alum\u00ednio.<\/p>\n","protected":false},"featured_media":4552,"comment_status":"open","ping_status":"closed","template":"","meta":[],"product_brand":[],"product_cat":[58],"product_tag":[],"class_list":{"0":"post-1376","1":"product","2":"type-product","3":"status-publish","4":"has-post-thumbnail","6":"product_cat-200000-cabos-e-chalavares","8":"first","9":"instock","10":"taxable","11":"shipping-taxable","12":"purchasable","13":"product-type-variable"},"_links":{"self":[{"href":"https:\/\/idealpesca.com\/loja\/wp-json\/wp\/v2\/product\/1376","targetHints":{"allow":["GET"]}}],"collection":[{"href":"https:\/\/idealpesca.com\/loja\/wp-json\/wp\/v2\/product"}],"about":[{"href":"https:\/\/idealpesca.com\/loja\/wp-json\/wp\/v2\/types\/product"}],"replies":[{"embeddable":true,"href":"https:\/\/idealpesca.com\/loja\/wp-json\/wp\/v2\/comments?post=1376"}],"wp:featuredmedia":[{"embeddable":true,"href":"https:\/\/idealpesca.com\/loja\/wp-json\/wp\/v2\/media\/4552"}],"wp:attachment":[{"href":"https:\/\/idealpesca.com\/loja\/wp-json\/wp\/v2\/media?parent=1376"}],"wp:term":[{"taxonomy":"product_brand","embeddable":true,"href":"https:\/\/idealpesca.com\/loja\/wp-json\/wp\/v2\/product_brand?post=1376"},{"taxonomy":"product_cat","embeddable":true,"href":"https:\/\/idealpesca.com\/loja\/wp-json\/wp\/v2\/product_cat?post=1376"},{"taxonomy":"product_tag","embeddable":true,"href":"https:\/\/idealpesca.com\/loja\/wp-json\/wp\/v2\/product_tag?post=1376"}],"curies":[{"name":"wp","href":"https:\/\/api.w.org\/{rel}","templated":true}]}}