{"id":1374,"date":"2026-03-20T12:17:25","date_gmt":"2026-03-20T12:17:25","guid":{"rendered":"https:\/\/idealpesca.com\/loja\/produto\/cana-barros-charter-boat-3-50mts\/"},"modified":"2026-03-20T23:45:38","modified_gmt":"2026-03-20T23:45:38","slug":"cana-barros-charter-boat-3-50mts","status":"publish","type":"product","link":"https:\/\/idealpesca.com\/loja\/produto\/cana-barros-charter-boat-3-50mts\/","title":{"rendered":"Cana BARROS CHARTER BOAT 3.50MTS"},"content":{"rendered":"<p>Cana Barros CHARTER BOAT, cana para pesca embarcada. Estas canas Barros s\u00e3o canas espetaculares, para quase todas as pescas embarcadas, fundeadas. A Barros CHARTER BOAT, em carbono de alto m\u00f3dulo, com telas a 90 graus, tem uma a\u00e7\u00e3o de ponta, rapid\u00edssima, \u00e9 disponibilizada com tr\u00eas ponteiras de a\u00e7\u00f5es distintas. Todos os componentes (passadores e porta carretos), s\u00e3o Fuji, fabricados no Jap\u00e3o. Na base do cabo, vem um copo em borracha, para maior conforto a pescar, sendo este copo remov\u00edvel a qualquer instante, em a\u00e7\u00e3o de pesca. Estas canas Barros s\u00e3o canas para douradas, canas para sargos e todos os peixes capturados na pesca embarcada.<\/p>\n<p>\u00a0<\/p>\n<p>\u00a0<\/p>\n<p>CHARTER BOAT<\/p>\n<ul>\n<li>Comprimento: 3.50m<\/li>\n<li>Comprimento fechada: 1.24m<\/li>\n<li>Sec\u00e7\u00f5es: 3+3<\/li>\n<li>Ponteiras: 3<\/li>\n<li>Peso: 325g<\/li>\n<li>A\u00e7\u00e3o: M\u00e1ximo 320g (melhor desempenho 90-150g)<\/li>\n<li>PVP: \u20ac 135,50<\/li>\n<\/ul>\n<p>\u00a0<\/p>\n<p>\u00a0<\/p>\n<p><span style=\"font-size: large;color: #000000\"><strong>\u00a0<\/strong><\/span><\/p>\n","protected":false},"excerpt":{"rendered":"<p>CANA DE PESCA EMBARCADA COM A\u00c7\u00c3O R\u00c1PIDA<\/p>\n","protected":false},"featured_media":4550,"comment_status":"open","ping_status":"closed","template":"","meta":[],"product_brand":[],"product_cat":[518,88],"product_tag":[],"class_list":{"0":"post-1374","1":"product","2":"type-product","3":"status-publish","4":"has-post-thumbnail","6":"product_cat-010300-pesca-embarcada","7":"product_cat-010301-barros","9":"first","10":"instock","11":"taxable","12":"shipping-taxable","13":"purchasable","14":"product-type-variable"},"_links":{"self":[{"href":"https:\/\/idealpesca.com\/loja\/wp-json\/wp\/v2\/product\/1374","targetHints":{"allow":["GET"]}}],"collection":[{"href":"https:\/\/idealpesca.com\/loja\/wp-json\/wp\/v2\/product"}],"about":[{"href":"https:\/\/idealpesca.com\/loja\/wp-json\/wp\/v2\/types\/product"}],"replies":[{"embeddable":true,"href":"https:\/\/idealpesca.com\/loja\/wp-json\/wp\/v2\/comments?post=1374"}],"wp:featuredmedia":[{"embeddable":true,"href":"https:\/\/idealpesca.com\/loja\/wp-json\/wp\/v2\/media\/4550"}],"wp:attachment":[{"href":"https:\/\/idealpesca.com\/loja\/wp-json\/wp\/v2\/media?parent=1374"}],"wp:term":[{"taxonomy":"product_brand","embeddable":true,"href":"https:\/\/idealpesca.com\/loja\/wp-json\/wp\/v2\/product_brand?post=1374"},{"taxonomy":"product_cat","embeddable":true,"href":"https:\/\/idealpesca.com\/loja\/wp-json\/wp\/v2\/product_cat?post=1374"},{"taxonomy":"product_tag","embeddable":true,"href":"https:\/\/idealpesca.com\/loja\/wp-json\/wp\/v2\/product_tag?post=1374"}],"curies":[{"name":"wp","href":"https:\/\/api.w.org\/{rel}","templated":true}]}}