{"id":1372,"date":"2026-03-20T12:17:25","date_gmt":"2026-03-20T12:17:25","guid":{"rendered":"https:\/\/idealpesca.com\/loja\/produto\/cinta-para-canas-tronixpro\/"},"modified":"2026-03-20T23:51:54","modified_gmt":"2026-03-20T23:51:54","slug":"cinta-para-canas-tronixpro","status":"publish","type":"product","link":"https:\/\/idealpesca.com\/loja\/produto\/cinta-para-canas-tronixpro\/","title":{"rendered":"Cinta para canas TRONIXPRO"},"content":{"rendered":"<p><a href=\"https:\/\/youtu.be\/6oRxrsgoZt0\">https:\/\/youtu.be\/6oRxrsgoZt0<\/a><\/p>\n<p>\u00a0<\/p>\n<p>\u00a0<\/p>\n<p>Cintas flex\u00edveis para prender canas nos varandins das embarca\u00e7\u00f5es. Tamb\u00e9m servem para manter os lelementos das canas juntos.<\/p>\n<p>Cada cinta \u00e9 coberta com um material suave, duradouro com ader\u00eancia semelhante a uma esponja que ajuda a protejer as canas<\/p>\n<p><strong>Embalagem com 2 cintas da mesma c\u00f4r.<\/strong><\/p>\n<p>Dispon\u00edvel em cinco cores, vermelho, verde, azul, amarelo e preto.<\/p>\n<p>\u00a0<\/p>\n<ul>\n<li>comprimento 17cm<\/li>\n<li><span class=\"control-label\">Referencia:<\/span>\u00a0TPWRW<\/li>\n<\/ul>\n","protected":false},"excerpt":{"rendered":"<p>Cintas Tronix Pro<\/p>\n","protected":false},"featured_media":4543,"comment_status":"open","ping_status":"closed","template":"","meta":[],"product_brand":[],"product_cat":[210,517],"product_tag":[],"class_list":{"0":"post-1372","1":"product","2":"type-product","3":"status-publish","4":"has-post-thumbnail","6":"product_cat-160000-carros-de-pesca-espetos-tripes-e-tabuleiros-de-pesca","7":"product_cat-ideal-pesca","9":"first","10":"instock","11":"taxable","12":"shipping-taxable","13":"purchasable","14":"product-type-variable"},"_links":{"self":[{"href":"https:\/\/idealpesca.com\/loja\/wp-json\/wp\/v2\/product\/1372","targetHints":{"allow":["GET"]}}],"collection":[{"href":"https:\/\/idealpesca.com\/loja\/wp-json\/wp\/v2\/product"}],"about":[{"href":"https:\/\/idealpesca.com\/loja\/wp-json\/wp\/v2\/types\/product"}],"replies":[{"embeddable":true,"href":"https:\/\/idealpesca.com\/loja\/wp-json\/wp\/v2\/comments?post=1372"}],"wp:featuredmedia":[{"embeddable":true,"href":"https:\/\/idealpesca.com\/loja\/wp-json\/wp\/v2\/media\/4543"}],"wp:attachment":[{"href":"https:\/\/idealpesca.com\/loja\/wp-json\/wp\/v2\/media?parent=1372"}],"wp:term":[{"taxonomy":"product_brand","embeddable":true,"href":"https:\/\/idealpesca.com\/loja\/wp-json\/wp\/v2\/product_brand?post=1372"},{"taxonomy":"product_cat","embeddable":true,"href":"https:\/\/idealpesca.com\/loja\/wp-json\/wp\/v2\/product_cat?post=1372"},{"taxonomy":"product_tag","embeddable":true,"href":"https:\/\/idealpesca.com\/loja\/wp-json\/wp\/v2\/product_tag?post=1372"}],"curies":[{"name":"wp","href":"https:\/\/api.w.org\/{rel}","templated":true}]}}