{"id":1355,"date":"2026-03-20T12:17:21","date_gmt":"2026-03-20T12:17:21","guid":{"rendered":"https:\/\/idealpesca.com\/loja\/produto\/carreto-shimano-saragosa-sw6000hg\/"},"modified":"2026-03-20T23:51:02","modified_gmt":"2026-03-20T23:51:02","slug":"carreto-shimano-saragosa-sw6000hg","status":"publish","type":"product","link":"https:\/\/idealpesca.com\/loja\/produto\/carreto-shimano-saragosa-sw6000hg\/","title":{"rendered":"Carreto SHIMANO SARAGOSA SW6000HG"},"content":{"rendered":"<table class=\"table bordered js-pswp-gallery\">\n<tr>\n<th>Refer\u00eancia<\/th>\n<th>R\u00e1cio (\/1)<\/th>\n<th>VMV (cm)<\/th>\n<th>Peso (g)<\/th>\n<th>Capacidade (m\/mm)<\/th>\n<th>Drag (kg)<\/th>\n<\/tr>\n<tr>\n<td>SRG5000SW<\/td>\n<td>6.2<\/td>\n<td>\u00a0105<\/td>\n<td>450<\/td>\n<td>175\/0,35<\/td>\n<td>10<\/td>\n<\/tr>\n<tr>\n<td>SRG6000SW<\/td>\n<td>5,7<\/td>\n<td>102<\/td>\n<td>455<\/td>\n<td>250\/0,35<\/td>\n<td>10<\/td>\n<\/tr>\n<\/table>\n<table class=\"table bordered js-pswp-gallery\">\n<tr>\n<th>Refer\u00eancia<\/th>\n<th>R\u00e1cio (\/1)<\/th>\n<th>VMV (cm)<\/th>\n<th>Peso (g)<\/th>\n<th>Capacidade (m\/mm)<\/th>\n<th>Drag (kg)<\/th>\n<\/tr>\n<tr>\n<td>SRG10000SW<\/td>\n<td>4.9<\/td>\n<td>102<\/td>\n<td>690<\/td>\n<td>300\/0.40<\/td>\n<td>15<\/td>\n<\/tr>\n<tr>\n<td>SRG8000SW<\/td>\n<td>5,6<\/td>\n<td>106<\/td>\n<td>675<\/td>\n<td>275\/0,37<\/td>\n<td>16<\/td>\n<\/tr>\n<\/table>\n<p>\u00a0<\/p>\n<p><strong><span style=\"font-size: large;color: #000000\"><span style=\"font-size: x-large;color: #0000ff\">Observa\u00e7\u00f5es:<\/span>\u00a0<\/span><\/strong><strong><span style=\"font-size: large;color: #000000\">Agora renovado o novo Saragosa vers\u00e3o SW vem para o mercado com todas as caracter\u00edsticas do seu antecessor, mas agora com revestimento especial para \u00e1gua salgada, nova manivela X-SHIP e com o novo X-THOUG DRAG. Um carreto ultra potente para pescas exigentes.<\/span><\/strong><\/p>\n","protected":false},"excerpt":{"rendered":"<p>Um po\u00e7o de for\u00e7a com performance de TOP<br \/>\nDISPON\u00cdVEL EM 3 TAMANHOS<\/p>\n","protected":false},"featured_media":4521,"comment_status":"open","ping_status":"closed","template":"","meta":[],"product_brand":[],"product_cat":[45,44,66,517],"product_tag":[],"class_list":{"0":"post-1355","1":"product","2":"type-product","3":"status-publish","4":"has-post-thumbnail","6":"product_cat-020200-boia-spinning-eging","7":"product_cat-020300-barco-buldo-falesia","8":"product_cat-020307-shimano","9":"product_cat-ideal-pesca","11":"first","12":"instock","13":"taxable","14":"shipping-taxable","15":"purchasable","16":"product-type-variable"},"_links":{"self":[{"href":"https:\/\/idealpesca.com\/loja\/wp-json\/wp\/v2\/product\/1355","targetHints":{"allow":["GET"]}}],"collection":[{"href":"https:\/\/idealpesca.com\/loja\/wp-json\/wp\/v2\/product"}],"about":[{"href":"https:\/\/idealpesca.com\/loja\/wp-json\/wp\/v2\/types\/product"}],"replies":[{"embeddable":true,"href":"https:\/\/idealpesca.com\/loja\/wp-json\/wp\/v2\/comments?post=1355"}],"wp:featuredmedia":[{"embeddable":true,"href":"https:\/\/idealpesca.com\/loja\/wp-json\/wp\/v2\/media\/4521"}],"wp:attachment":[{"href":"https:\/\/idealpesca.com\/loja\/wp-json\/wp\/v2\/media?parent=1355"}],"wp:term":[{"taxonomy":"product_brand","embeddable":true,"href":"https:\/\/idealpesca.com\/loja\/wp-json\/wp\/v2\/product_brand?post=1355"},{"taxonomy":"product_cat","embeddable":true,"href":"https:\/\/idealpesca.com\/loja\/wp-json\/wp\/v2\/product_cat?post=1355"},{"taxonomy":"product_tag","embeddable":true,"href":"https:\/\/idealpesca.com\/loja\/wp-json\/wp\/v2\/product_tag?post=1355"}],"curies":[{"name":"wp","href":"https:\/\/api.w.org\/{rel}","templated":true}]}}