{"id":1351,"date":"2026-03-20T12:17:21","date_gmt":"2026-03-20T12:17:21","guid":{"rendered":"https:\/\/idealpesca.com\/loja\/produto\/saco-rigido-para-canas-tournament-surf-3847-4285-4728\/"},"modified":"2026-03-20T23:56:50","modified_gmt":"2026-03-20T23:56:50","slug":"saco-rigido-para-canas-tournament-surf-3847-4285-4728","status":"publish","type":"product","link":"https:\/\/idealpesca.com\/loja\/produto\/saco-rigido-para-canas-tournament-surf-3847-4285-4728\/","title":{"rendered":"Saco bota 3 canas montadas DAIWA 125 cm."},"content":{"rendered":"<p>Saco do tipo bota \u201cespecial predadores\u201d acolchoados permitindo o armazenamento de 2 a 3 canas com os seus carretos montados. Os sacos s\u00e3o pretos com o log\u00f3tipo em dourado e fabricados em nylon 600 deniers. O sistema de duplo fecho em PVC de alta qualidade oferece uma boa resist\u00eancia \u00e0 eros\u00e3o.<\/p>\n<p>\u00a0<\/p>\n<table class=\"table bordered js-pswp-gallery\">\n<tr>\n<th>Refer\u00eancia<\/th>\n<th>Cor<\/th>\n<th>Dimens\u00f5es<\/th>\n<\/tr>\n<tr>\n<td><a href=\"https:\/\/www.daiwa.pt\/uploads\/products\/luggage\/2020\/10\/fb125bg_1200x1200.jpg\"><span class=\"inner\"><img decoding=\"async\" src=\"image\/gif;base64,R0lGODlhAQABAIAAAMLCwgAAACH5BAAAAAAALAAAAAABAAEAAAICRAEAOw==\" alt=\"\" width=\"1\" height=\"1\" \/><\/span><\/a><br \/>\nFB125BG\n<\/td>\n<td>Preto \/ Dourado<\/td>\n<td>125 x 24 x 11 cm<\/td>\n<\/tr>\n<tr>\n<td><a href=\"https:\/\/www.daiwa.pt\/uploads\/products\/luggage\/2020\/10\/fb160bg_1200x1200.jpg\"><span class=\"inner\"><img decoding=\"async\" src=\"image\/gif;base64,R0lGODlhAQABAIAAAMLCwgAAACH5BAAAAAAALAAAAAABAAEAAAICRAEAOw==\" alt=\"\" width=\"1\" height=\"1\" \/><\/span><\/a><br \/>\nFB160BG\n<\/td>\n<td>Preto \/ Dourado<\/td>\n<td>160 x 24 x 11 cm<\/td>\n<\/tr>\n<\/table>\n<p>\u00a0<\/p>\n","protected":false},"excerpt":{"rendered":"<p>Excelente saco para canas<\/p>\n","protected":false},"featured_media":6995,"comment_status":"open","ping_status":"closed","template":"","meta":[],"product_brand":[],"product_cat":[59],"product_tag":[],"class_list":{"0":"post-1351","1":"product","2":"type-product","3":"status-publish","4":"has-post-thumbnail","6":"product_cat-150000-estojos-e-bolsas-para-canas","8":"first","9":"instock","10":"taxable","11":"shipping-taxable","12":"purchasable","13":"product-type-variable"},"_links":{"self":[{"href":"https:\/\/idealpesca.com\/loja\/wp-json\/wp\/v2\/product\/1351","targetHints":{"allow":["GET"]}}],"collection":[{"href":"https:\/\/idealpesca.com\/loja\/wp-json\/wp\/v2\/product"}],"about":[{"href":"https:\/\/idealpesca.com\/loja\/wp-json\/wp\/v2\/types\/product"}],"replies":[{"embeddable":true,"href":"https:\/\/idealpesca.com\/loja\/wp-json\/wp\/v2\/comments?post=1351"}],"wp:featuredmedia":[{"embeddable":true,"href":"https:\/\/idealpesca.com\/loja\/wp-json\/wp\/v2\/media\/6995"}],"wp:attachment":[{"href":"https:\/\/idealpesca.com\/loja\/wp-json\/wp\/v2\/media?parent=1351"}],"wp:term":[{"taxonomy":"product_brand","embeddable":true,"href":"https:\/\/idealpesca.com\/loja\/wp-json\/wp\/v2\/product_brand?post=1351"},{"taxonomy":"product_cat","embeddable":true,"href":"https:\/\/idealpesca.com\/loja\/wp-json\/wp\/v2\/product_cat?post=1351"},{"taxonomy":"product_tag","embeddable":true,"href":"https:\/\/idealpesca.com\/loja\/wp-json\/wp\/v2\/product_tag?post=1351"}],"curies":[{"name":"wp","href":"https:\/\/api.w.org\/{rel}","templated":true}]}}