{"id":1342,"date":"2026-03-20T12:17:18","date_gmt":"2026-03-20T12:17:18","guid":{"rendered":"https:\/\/idealpesca.com\/loja\/produto\/carreto-daiwa-gs-9\/"},"modified":"2026-03-20T23:50:22","modified_gmt":"2026-03-20T23:50:22","slug":"carreto-daiwa-gs-9","status":"publish","type":"product","link":"https:\/\/idealpesca.com\/loja\/produto\/carreto-daiwa-gs-9\/","title":{"rendered":"Carreto DAIWA GS 9"},"content":{"rendered":"<p>\u00a0<\/p>\n<table class=\"table bordered js-pswp-gallery\">\n<tr>\n<th>Refer\u00eancia<\/th>\n<th>Pega<\/th>\n<th>R\u00e1cio (\/1)<\/th>\n<th>VMV<\/th>\n<th>Peso<\/th>\n<th>Capacidade<\/th>\n<th>Drag<\/th>\n<\/tr>\n<tr>\n<td><a href=\"https:\/\/www.daiwa.pt\/uploads\/products\/reels\/2019\/10\/gs92_1200x1200.jpg\"> <span class=\"inner\"> <img decoding=\"async\" src=\"image\/gif;base64,R0lGODlhAQABAIAAAMLCwgAAACH5BAAAAAAALAAAAAABAAEAAAICRAEAOw==\" alt=\"\" width=\"1\" height=\"1\" \/><\/span><\/a><br \/>\nGS92\n<\/td>\n<td>T+<\/td>\n<td>4,9<\/td>\n<td>94cm<\/td>\n<td>630g<\/td>\n<td>350m\/0,40mm<\/td>\n<td>8kg<\/td>\n<\/tr>\n<\/table>\n<p>\u00a0<\/p>\n<div class=\"product-desc\">\n<p>Desenvolvido para as pescas fortes, o GS9 II herda um nome reconhecido por todos os pescadores de mar. O seu corpo em alum\u00ednio encerra uma enorme roda de coroa Digigear II. Este carreto robusto \u00e9 talhado para as pescas poderosas. \u00c9 dotado de um drag UTD com discos de feltro. O seu rotor em arco (tecnologia Air Rotor) \u00e9 mais aerodin\u00e2mico para uma fluidez da rota\u00e7\u00e3o acrescida. A bobina \u00e9 apoiada por um rolamento de esferas que favorece a rota\u00e7\u00e3o durante o combate.<\/p>\n<\/div>\n<ul>\n<li>Drag com tecnologia UTD com discos em feltro<\/li>\n<li>Rolamentos : 5 + 1<\/li>\n<li>Corpo aluminium e Air Rotor em policarbonato<\/li>\n<li>Bobina em alum\u00ednio<\/li>\n<li>Enrolamento CrossWrap<\/li>\n<li>Manivela monobloco alum\u00ednio desenrosc\u00e1vel<\/li>\n<li>Pick-up de desarme manual<\/li>\n<\/ul>\n","protected":false},"excerpt":{"rendered":"<p>\u00a0 Refer\u00eancia Pega R\u00e1cio (\/1) VMV Peso Capacidade Drag GS92 T+ 4,9 94cm 630g 350m\/0,40mm 8kg \u00a0 Desenvolvido para as pescas fortes, o GS9 II herda um nome reconhecido por todos os pescadores de mar. O seu corpo em alum\u00ednio encerra uma enorme roda de coroa Digigear II. Este carreto robusto \u00e9 talhado para as [&hellip;]<\/p>\n","protected":false},"featured_media":4505,"comment_status":"open","ping_status":"closed","template":"","meta":[],"product_brand":[],"product_cat":[45,74,44,67,517],"product_tag":[],"class_list":{"0":"post-1342","1":"product","2":"type-product","3":"status-publish","4":"has-post-thumbnail","6":"product_cat-020200-boia-spinning-eging","7":"product_cat-020203-daiwa","8":"product_cat-020300-barco-buldo-falesia","9":"product_cat-020303-daiwa","10":"product_cat-ideal-pesca","12":"first","13":"instock","14":"taxable","15":"shipping-taxable","16":"purchasable","17":"product-type-variable"},"_links":{"self":[{"href":"https:\/\/idealpesca.com\/loja\/wp-json\/wp\/v2\/product\/1342","targetHints":{"allow":["GET"]}}],"collection":[{"href":"https:\/\/idealpesca.com\/loja\/wp-json\/wp\/v2\/product"}],"about":[{"href":"https:\/\/idealpesca.com\/loja\/wp-json\/wp\/v2\/types\/product"}],"replies":[{"embeddable":true,"href":"https:\/\/idealpesca.com\/loja\/wp-json\/wp\/v2\/comments?post=1342"}],"wp:featuredmedia":[{"embeddable":true,"href":"https:\/\/idealpesca.com\/loja\/wp-json\/wp\/v2\/media\/4505"}],"wp:attachment":[{"href":"https:\/\/idealpesca.com\/loja\/wp-json\/wp\/v2\/media?parent=1342"}],"wp:term":[{"taxonomy":"product_brand","embeddable":true,"href":"https:\/\/idealpesca.com\/loja\/wp-json\/wp\/v2\/product_brand?post=1342"},{"taxonomy":"product_cat","embeddable":true,"href":"https:\/\/idealpesca.com\/loja\/wp-json\/wp\/v2\/product_cat?post=1342"},{"taxonomy":"product_tag","embeddable":true,"href":"https:\/\/idealpesca.com\/loja\/wp-json\/wp\/v2\/product_tag?post=1342"}],"curies":[{"name":"wp","href":"https:\/\/api.w.org\/{rel}","templated":true}]}}