{"id":1338,"date":"2026-03-20T12:17:18","date_gmt":"2026-03-20T12:17:18","guid":{"rendered":"https:\/\/idealpesca.com\/loja\/produto\/vadeador-daiwa-wdr3c-meia\/"},"modified":"2026-03-20T23:58:29","modified_gmt":"2026-03-20T23:58:29","slug":"vadeador-daiwa-wdr3c-meia","status":"publish","type":"product","link":"https:\/\/idealpesca.com\/loja\/produto\/vadeador-daiwa-wdr3c-meia\/","title":{"rendered":"VADEADOR DAIWA COM MEIA E RESPIRAVEL WDR3C"},"content":{"rendered":"<p>Para os pescadores frequentes em wading, esta waders constru\u00edda em material respir\u00e1vel de 3 camadas \u00e9 super confort\u00e1vel. Gra\u00e7as \u00e0 experi\u00eancia de numerosos testes, a sua constru\u00e7\u00e3o foi otimizada para uma dura\u00e7\u00e3o de vida mais longa e uma melhor adaptabilidade aos diferentes tamanhos dos pescadores. Os p\u00e9s de neoprene extens\u00edvel de alta qualidade tem uma sola integrada e os pontos de termo soldagem s\u00e3o efetuados verticalmente no calcanhar para cal\u00e7ar facilmente botas de wading\/vadear, garantindo uma maior resist\u00eancia. O cinto permite ajustar as waders na cintura e os suspens\u00f3rios s\u00e3o ajust\u00e1veis. O bolso ventral \u00e9 dotado de um fecho z\u00edper estanque YKK e um bolso de malha sobreposto. Dispon\u00edvel em 4 tamanhos do M ao XXL.<\/p>\n<table class=\"table bordered js-pswp-gallery\">\n<tr>\n<th>Tamanho<\/th>\n<th>N\u00famero<\/th>\n<th>Anca per\u00edm. \/ Gancho (cm)<\/th>\n<th>Refer\u00eancia<\/th>\n<\/tr>\n<tr>\n<td>S<\/td>\n<td>38 \/ 39<\/td>\n<td>\u00a0<\/td>\n<td>WDR3CS<\/td>\n<\/tr>\n<tr>\n<td>M<\/td>\n<td>40 \/ 41<\/td>\n<td>116 \/ 91 cm<\/td>\n<td>WDR3CM<\/td>\n<\/tr>\n<tr>\n<td>L<\/td>\n<td>42 \/ 43<\/td>\n<td>125 \/ 94 cm<\/td>\n<td>WDR3CL<\/td>\n<\/tr>\n<tr>\n<td>XL<\/td>\n<td>44 \/ 45<\/td>\n<td>131 \/ 97 cm<\/td>\n<td>WDR3CXL<\/td>\n<\/tr>\n<tr>\n<td>XXL<\/td>\n<td>46 \/ 47<\/td>\n<td>141 \/ 99 cm<\/td>\n<td>WDR3CXXL<\/td>\n<\/tr>\n<\/table>\n","protected":false},"excerpt":{"rendered":"<p>Waders respir\u00e1veis 3 camadas p\u00e9s neoprene<\/p>\n","protected":false},"featured_media":4503,"comment_status":"open","ping_status":"closed","template":"","meta":[],"product_brand":[],"product_cat":[38,517],"product_tag":[],"class_list":{"0":"post-1338","1":"product","2":"type-product","3":"status-publish","4":"has-post-thumbnail","6":"product_cat-230000-vadeadores","7":"product_cat-ideal-pesca","9":"first","10":"instock","11":"taxable","12":"shipping-taxable","13":"purchasable","14":"product-type-variable"},"_links":{"self":[{"href":"https:\/\/idealpesca.com\/loja\/wp-json\/wp\/v2\/product\/1338","targetHints":{"allow":["GET"]}}],"collection":[{"href":"https:\/\/idealpesca.com\/loja\/wp-json\/wp\/v2\/product"}],"about":[{"href":"https:\/\/idealpesca.com\/loja\/wp-json\/wp\/v2\/types\/product"}],"replies":[{"embeddable":true,"href":"https:\/\/idealpesca.com\/loja\/wp-json\/wp\/v2\/comments?post=1338"}],"wp:featuredmedia":[{"embeddable":true,"href":"https:\/\/idealpesca.com\/loja\/wp-json\/wp\/v2\/media\/4503"}],"wp:attachment":[{"href":"https:\/\/idealpesca.com\/loja\/wp-json\/wp\/v2\/media?parent=1338"}],"wp:term":[{"taxonomy":"product_brand","embeddable":true,"href":"https:\/\/idealpesca.com\/loja\/wp-json\/wp\/v2\/product_brand?post=1338"},{"taxonomy":"product_cat","embeddable":true,"href":"https:\/\/idealpesca.com\/loja\/wp-json\/wp\/v2\/product_cat?post=1338"},{"taxonomy":"product_tag","embeddable":true,"href":"https:\/\/idealpesca.com\/loja\/wp-json\/wp\/v2\/product_tag?post=1338"}],"curies":[{"name":"wp","href":"https:\/\/api.w.org\/{rel}","templated":true}]}}