{"id":133,"date":"2026-03-20T12:12:51","date_gmt":"2026-03-20T12:12:51","guid":{"rendered":"https:\/\/idealpesca.com\/loja\/produto\/oleo-penn-para-carretos\/"},"modified":"2026-04-17T18:14:32","modified_gmt":"2026-04-17T17:14:32","slug":"oleo-penn-para-carretos","status":"publish","type":"product","link":"https:\/\/idealpesca.com\/loja\/produto\/oleo-penn-para-carretos\/","title":{"rendered":"OLEO PENN PARA CARRETOS"},"content":{"rendered":"<p><span style=\"color: #000000;font-size: large\"><strong>&#8211; \u00d3leo de alta qualidade para carretos e rolamentos;<\/strong><\/span><\/p>\n<p><span style=\"color: #000000;font-size: large\"><strong>&#8211; Embalagem de 59.15 ml;\u00a0<\/strong><\/span><\/p>\n","protected":false},"excerpt":{"rendered":"<p>\u00d3leo de manuten\u00e7\u00e3o transparente, mant\u00e9m as pe\u00e7as m\u00f3veis dos carretos soltas e lubrificadas<\/p>\n","protected":false},"featured_media":2768,"comment_status":"open","ping_status":"closed","template":"","meta":[],"product_brand":[],"product_cat":[208],"product_tag":[],"class_list":{"0":"post-133","1":"product","2":"type-product","3":"status-publish","4":"has-post-thumbnail","6":"product_cat-210000-oleos-massas-lubrificantes-colas","8":"first","9":"outofstock","10":"taxable","11":"shipping-taxable","12":"purchasable","13":"product-type-variable"},"_links":{"self":[{"href":"https:\/\/idealpesca.com\/loja\/wp-json\/wp\/v2\/product\/133","targetHints":{"allow":["GET"]}}],"collection":[{"href":"https:\/\/idealpesca.com\/loja\/wp-json\/wp\/v2\/product"}],"about":[{"href":"https:\/\/idealpesca.com\/loja\/wp-json\/wp\/v2\/types\/product"}],"replies":[{"embeddable":true,"href":"https:\/\/idealpesca.com\/loja\/wp-json\/wp\/v2\/comments?post=133"}],"wp:featuredmedia":[{"embeddable":true,"href":"https:\/\/idealpesca.com\/loja\/wp-json\/wp\/v2\/media\/2768"}],"wp:attachment":[{"href":"https:\/\/idealpesca.com\/loja\/wp-json\/wp\/v2\/media?parent=133"}],"wp:term":[{"taxonomy":"product_brand","embeddable":true,"href":"https:\/\/idealpesca.com\/loja\/wp-json\/wp\/v2\/product_brand?post=133"},{"taxonomy":"product_cat","embeddable":true,"href":"https:\/\/idealpesca.com\/loja\/wp-json\/wp\/v2\/product_cat?post=133"},{"taxonomy":"product_tag","embeddable":true,"href":"https:\/\/idealpesca.com\/loja\/wp-json\/wp\/v2\/product_tag?post=133"}],"curies":[{"name":"wp","href":"https:\/\/api.w.org\/{rel}","templated":true}]}}