{"id":1325,"date":"2026-03-20T12:17:13","date_gmt":"2026-03-20T12:17:13","guid":{"rendered":"https:\/\/idealpesca.com\/loja\/produto\/agrafe-emeraldas\/"},"modified":"2026-03-20T23:37:55","modified_gmt":"2026-03-20T23:37:55","slug":"agrafe-emeraldas","status":"publish","type":"product","link":"https:\/\/idealpesca.com\/loja\/produto\/agrafe-emeraldas\/","title":{"rendered":"Agrafe Emeraldas"},"content":{"rendered":"<p>O agrafe Prorex oferece uma liberdade total de nata\u00e7\u00e3o \u00e0s amostras utilizadas. \u00c9 concebido para resistir aos peixes combativos. Quantidade por saqueta: 10 agrafes<\/p>\n<div class=\"product-content-next\">\n<div class=\"product-content-next-inner\">\n<div class=\"polymorphic-table product-table\">\n<div class=\"polymorphic-table-inner\">\n<table class=\"table bordered js-pswp-gallery\">\n<tr>\n<th>Tamanho<\/th>\n<th>Resist\u00eancia<\/th>\n<th>Resist\u00eancia<\/th>\n<th>Quant\/saqueta<\/th>\n<th>Refer\u00eancia<\/th>\n<\/tr>\n<tr>\n<td>S<\/td>\n<td>14 kg<\/td>\n<td>31 lb<\/td>\n<td>x 10<\/td>\n<td>EMAS<\/td>\n<\/tr>\n<tr>\n<td>M<\/td>\n<td>14 kg<\/td>\n<td>31 lb<\/td>\n<td>x 10<\/td>\n<td><a href=\"https:\/\/www.daiwa.pt\/uploads\/products\/line_equipment\/2020\/10\/ema_1200x1200.jpg\"> <span class=\"inner\"> <img decoding=\"async\" src=\"image\/gif;base64,R0lGODlhAQABAIAAAMLCwgAAACH5BAAAAAAALAAAAAABAAEAAAICRAEAOw==\" alt=\"\" width=\"1\" height=\"1\" \/><\/span><\/a><br \/>\nEMA\n<\/td>\n<\/tr>\n<\/table>\n<\/div>\n<\/div>\n<\/div>\n<\/div>\n<p>\u00a0<\/p>\n","protected":false},"excerpt":{"rendered":"<p>.<\/p>\n","protected":false},"featured_media":4476,"comment_status":"open","ping_status":"closed","template":"","meta":[],"product_brand":[],"product_cat":[142,430],"product_tag":[],"class_list":{"0":"post-1325","1":"product","2":"type-product","3":"status-publish","4":"has-post-thumbnail","6":"product_cat-050000-destorcedores-clips-e-argolas-crossbeads-e-missangas","7":"product_cat-050104-daiwa","9":"first","10":"instock","11":"taxable","12":"shipping-taxable","13":"purchasable","14":"product-type-variable"},"_links":{"self":[{"href":"https:\/\/idealpesca.com\/loja\/wp-json\/wp\/v2\/product\/1325","targetHints":{"allow":["GET"]}}],"collection":[{"href":"https:\/\/idealpesca.com\/loja\/wp-json\/wp\/v2\/product"}],"about":[{"href":"https:\/\/idealpesca.com\/loja\/wp-json\/wp\/v2\/types\/product"}],"replies":[{"embeddable":true,"href":"https:\/\/idealpesca.com\/loja\/wp-json\/wp\/v2\/comments?post=1325"}],"wp:featuredmedia":[{"embeddable":true,"href":"https:\/\/idealpesca.com\/loja\/wp-json\/wp\/v2\/media\/4476"}],"wp:attachment":[{"href":"https:\/\/idealpesca.com\/loja\/wp-json\/wp\/v2\/media?parent=1325"}],"wp:term":[{"taxonomy":"product_brand","embeddable":true,"href":"https:\/\/idealpesca.com\/loja\/wp-json\/wp\/v2\/product_brand?post=1325"},{"taxonomy":"product_cat","embeddable":true,"href":"https:\/\/idealpesca.com\/loja\/wp-json\/wp\/v2\/product_cat?post=1325"},{"taxonomy":"product_tag","embeddable":true,"href":"https:\/\/idealpesca.com\/loja\/wp-json\/wp\/v2\/product_tag?post=1325"}],"curies":[{"name":"wp","href":"https:\/\/api.w.org\/{rel}","templated":true}]}}