{"id":1320,"date":"2026-03-20T12:17:12","date_gmt":"2026-03-20T12:17:12","guid":{"rendered":"https:\/\/idealpesca.com\/loja\/produto\/destorcedor-deslizante-c-perola-slider\/"},"modified":"2026-03-20T23:52:29","modified_gmt":"2026-03-20T23:52:29","slug":"destorcedor-deslizante-c-perola-slider","status":"publish","type":"product","link":"https:\/\/idealpesca.com\/loja\/produto\/destorcedor-deslizante-c-perola-slider\/","title":{"rendered":"Destorcedor deslizante c\/ p\u00e9rola SLIDER"},"content":{"rendered":"<p>Este destorcedor integra uma p\u00e9rola que ir\u00e1 amortecer os choques no lan\u00e7amento das baixadas deslizantes no surf casting.<\/p>\n<p>\u00a0<\/p>\n<div class=\"product-content-next\">\n<div class=\"product-content-next-inner\">\n<div class=\"polymorphic-table product-table\">\n<div class=\"polymorphic-table-inner\">\n<table class=\"table bordered js-pswp-gallery\">\n<tr>\n<th>\u00a0<\/th>\n<th>Tamanho<\/th>\n<th>Resist\u00eancia (kg)<\/th>\n<th>Di\u00e2metro int.<\/th>\n<th>Quant\/saqueta<\/th>\n<th>Refer\u00eancia<\/th>\n<\/tr>\n<tr>\n<td><span class=\"new\">N<\/span><\/td>\n<td>S<\/td>\n<td>12 kg<\/td>\n<td>1 mm<\/td>\n<td>x 15<\/td>\n<td>EM412803<\/td>\n<\/tr>\n<tr>\n<td><span class=\"new\">N<\/span><\/td>\n<td>M<\/td>\n<td>30 kg<\/td>\n<td>1,3 mm<\/td>\n<td>x 15<\/td>\n<td>EM412810<\/td>\n<\/tr>\n<\/table>\n<\/div>\n<\/div>\n<\/div>\n<\/div>\n<p>\u00a0<\/p>\n","protected":false},"excerpt":{"rendered":"<p>.Dois tamanhos dispon\u00edveis S e M<\/p>\n","protected":false},"featured_media":4468,"comment_status":"open","ping_status":"closed","template":"","meta":[],"product_brand":[],"product_cat":[142,430,517],"product_tag":[],"class_list":{"0":"post-1320","1":"product","2":"type-product","3":"status-publish","4":"has-post-thumbnail","6":"product_cat-050000-destorcedores-clips-e-argolas-crossbeads-e-missangas","7":"product_cat-050104-daiwa","8":"product_cat-ideal-pesca","10":"first","11":"instock","12":"taxable","13":"shipping-taxable","14":"purchasable","15":"product-type-variable"},"_links":{"self":[{"href":"https:\/\/idealpesca.com\/loja\/wp-json\/wp\/v2\/product\/1320","targetHints":{"allow":["GET"]}}],"collection":[{"href":"https:\/\/idealpesca.com\/loja\/wp-json\/wp\/v2\/product"}],"about":[{"href":"https:\/\/idealpesca.com\/loja\/wp-json\/wp\/v2\/types\/product"}],"replies":[{"embeddable":true,"href":"https:\/\/idealpesca.com\/loja\/wp-json\/wp\/v2\/comments?post=1320"}],"wp:featuredmedia":[{"embeddable":true,"href":"https:\/\/idealpesca.com\/loja\/wp-json\/wp\/v2\/media\/4468"}],"wp:attachment":[{"href":"https:\/\/idealpesca.com\/loja\/wp-json\/wp\/v2\/media?parent=1320"}],"wp:term":[{"taxonomy":"product_brand","embeddable":true,"href":"https:\/\/idealpesca.com\/loja\/wp-json\/wp\/v2\/product_brand?post=1320"},{"taxonomy":"product_cat","embeddable":true,"href":"https:\/\/idealpesca.com\/loja\/wp-json\/wp\/v2\/product_cat?post=1320"},{"taxonomy":"product_tag","embeddable":true,"href":"https:\/\/idealpesca.com\/loja\/wp-json\/wp\/v2\/product_tag?post=1320"}],"curies":[{"name":"wp","href":"https:\/\/api.w.org\/{rel}","templated":true}]}}