{"id":1319,"date":"2026-03-20T12:17:11","date_gmt":"2026-03-20T12:17:11","guid":{"rendered":"https:\/\/idealpesca.com\/loja\/produto\/destorcedor-com-agrafe-urfe\/"},"modified":"2026-03-20T23:52:29","modified_gmt":"2026-03-20T23:52:29","slug":"destorcedor-com-agrafe-urfe","status":"publish","type":"product","link":"https:\/\/idealpesca.com\/loja\/produto\/destorcedor-com-agrafe-urfe\/","title":{"rendered":"Destorcedor com agrafe URFE"},"content":{"rendered":"<div class=\"product-content\">\n<div class=\"product-content-inner\">Este destorcedor URFE \u00e9 ideal para os pescadores de surf casting que desejam lan\u00e7ar muito longe uma montagem. A chumbada fixa-se a um acoplador r\u00e1pido protegido por uma bainha de silicone. O rolamento embainhado na parte superior permite fixar o destorcedor URFE \u00e0 linha principal e garantir uma boa rota\u00e7\u00e3o do conjunto. A montagem \u00e9 fixada no rolamento localizado no meio da pe\u00e7a girat\u00f3ria.<\/div>\n<\/div>\n<div class=\"product-content-next\">\n<div class=\"product-content-next-inner\">\n<div class=\"polymorphic-table product-table\">\n<div class=\"polymorphic-table-inner\">\u00a0<\/div>\n<div class=\"polymorphic-table-inner\">\n<table class=\"table bordered js-pswp-gallery\">\n<tr>\n<th>Tamanho<\/th>\n<th>Resist\u00eancia<\/th>\n<th>Comprimento<\/th>\n<th>Quant\/saqueta<\/th>\n<th>Cor<\/th>\n<th>Refer\u00eancia<\/th>\n<\/tr>\n<tr>\n<td>M<\/td>\n<td>20 kg<\/td>\n<td>7 cm<\/td>\n<td>x 3<\/td>\n<td>Vermelho<\/td>\n<td><a href=\"https:\/\/www.daiwa.pt\/uploads\/products\/line_equipment\/2020\/10\/em404051_1200x1200.jpg\"> <span class=\"inner\"> <img decoding=\"async\" src=\"image\/gif;base64,R0lGODlhAQABAIAAAMLCwgAAACH5BAAAAAAALAAAAAABAAEAAAICRAEAOw==\" alt=\"\" width=\"1\" height=\"1\" \/><\/span><\/a><br \/>\nEM404051\n<\/td>\n<\/tr>\n<\/table>\n<\/div>\n<\/div>\n<\/div>\n<\/div>\n<p>\u00a0<\/p>\n","protected":false},"excerpt":{"rendered":"<p>.<\/p>\n","protected":false},"featured_media":4467,"comment_status":"open","ping_status":"closed","template":"","meta":[],"product_brand":[],"product_cat":[142,430],"product_tag":[],"class_list":{"0":"post-1319","1":"product","2":"type-product","3":"status-publish","4":"has-post-thumbnail","6":"product_cat-050000-destorcedores-clips-e-argolas-crossbeads-e-missangas","7":"product_cat-050104-daiwa","9":"first","10":"instock","11":"taxable","12":"shipping-taxable","13":"purchasable","14":"product-type-variable"},"_links":{"self":[{"href":"https:\/\/idealpesca.com\/loja\/wp-json\/wp\/v2\/product\/1319","targetHints":{"allow":["GET"]}}],"collection":[{"href":"https:\/\/idealpesca.com\/loja\/wp-json\/wp\/v2\/product"}],"about":[{"href":"https:\/\/idealpesca.com\/loja\/wp-json\/wp\/v2\/types\/product"}],"replies":[{"embeddable":true,"href":"https:\/\/idealpesca.com\/loja\/wp-json\/wp\/v2\/comments?post=1319"}],"wp:featuredmedia":[{"embeddable":true,"href":"https:\/\/idealpesca.com\/loja\/wp-json\/wp\/v2\/media\/4467"}],"wp:attachment":[{"href":"https:\/\/idealpesca.com\/loja\/wp-json\/wp\/v2\/media?parent=1319"}],"wp:term":[{"taxonomy":"product_brand","embeddable":true,"href":"https:\/\/idealpesca.com\/loja\/wp-json\/wp\/v2\/product_brand?post=1319"},{"taxonomy":"product_cat","embeddable":true,"href":"https:\/\/idealpesca.com\/loja\/wp-json\/wp\/v2\/product_cat?post=1319"},{"taxonomy":"product_tag","embeddable":true,"href":"https:\/\/idealpesca.com\/loja\/wp-json\/wp\/v2\/product_tag?post=1319"}],"curies":[{"name":"wp","href":"https:\/\/api.w.org\/{rel}","templated":true}]}}