{"id":1318,"date":"2026-03-20T12:17:11","date_gmt":"2026-03-20T12:17:11","guid":{"rendered":"https:\/\/idealpesca.com\/loja\/produto\/agrafes-chumbo-rapido-com-destorcedor\/"},"modified":"2026-03-20T23:37:55","modified_gmt":"2026-03-20T23:37:55","slug":"agrafes-chumbo-rapido-com-destorcedor","status":"publish","type":"product","link":"https:\/\/idealpesca.com\/loja\/produto\/agrafes-chumbo-rapido-com-destorcedor\/","title":{"rendered":"Agrafes chumbo r\u00e1pido com destorcedor"},"content":{"rendered":"<div class=\"product-content\">\n<div class=\"product-content-inner\">\n<div class=\"product-desc\">\n<p>Este agrafe de formato longitudinal assegura uma conex\u00e3o r\u00e1pida a um chumbo, montagem ou at\u00e9 mesmo a uma amostra gra\u00e7as a uma sali\u00eancia. Equipado com um destorcedor, \u00e9 multifuncional. Quantidade por saqueta: 15 agrafes com destorcedor.<\/p>\n<\/div>\n<div class=\"row\">\u00a0<\/div>\n<\/div>\n<\/div>\n<div class=\"product-content-next\">\n<div class=\"product-content-next-inner\">\n<div class=\"polymorphic-table product-table\">\n<div class=\"polymorphic-table-inner\">\n<table class=\"table bordered js-pswp-gallery\">\n<tr>\n<th>Tamanho<\/th>\n<th>Resist\u00eancia<\/th>\n<th>Quant\/saqueta<\/th>\n<th>Refer\u00eancia<\/th>\n<\/tr>\n<tr>\n<td>M<\/td>\n<td>16 kg<\/td>\n<td>x 15<\/td>\n<td><a href=\"https:\/\/www.daiwa.pt\/uploads\/products\/line_equipment\/2018\/10\/em360937_1200x1200.jpg\"> <span class=\"inner\"> <img decoding=\"async\" src=\"image\/gif;base64,R0lGODlhAQABAIAAAMLCwgAAACH5BAAAAAAALAAAAAABAAEAAAICRAEAOw==\" alt=\"\" width=\"1\" height=\"1\" \/><\/span><\/a><br \/>\nEM360937\n<\/td>\n<\/tr>\n<tr>\n<td>L<\/td>\n<td>20 kg<\/td>\n<td>x 15<\/td>\n<td>EM360944<\/td>\n<\/tr>\n<\/table>\n<\/div>\n<\/div>\n<\/div>\n<\/div>\n<p>\u00a0<\/p>\n","protected":false},"excerpt":{"rendered":"<p>.<\/p>\n","protected":false},"featured_media":4465,"comment_status":"open","ping_status":"closed","template":"","meta":[],"product_brand":[],"product_cat":[142,430,517],"product_tag":[],"class_list":{"0":"post-1318","1":"product","2":"type-product","3":"status-publish","4":"has-post-thumbnail","6":"product_cat-050000-destorcedores-clips-e-argolas-crossbeads-e-missangas","7":"product_cat-050104-daiwa","8":"product_cat-ideal-pesca","10":"first","11":"instock","12":"taxable","13":"shipping-taxable","14":"purchasable","15":"product-type-variable"},"_links":{"self":[{"href":"https:\/\/idealpesca.com\/loja\/wp-json\/wp\/v2\/product\/1318","targetHints":{"allow":["GET"]}}],"collection":[{"href":"https:\/\/idealpesca.com\/loja\/wp-json\/wp\/v2\/product"}],"about":[{"href":"https:\/\/idealpesca.com\/loja\/wp-json\/wp\/v2\/types\/product"}],"replies":[{"embeddable":true,"href":"https:\/\/idealpesca.com\/loja\/wp-json\/wp\/v2\/comments?post=1318"}],"wp:featuredmedia":[{"embeddable":true,"href":"https:\/\/idealpesca.com\/loja\/wp-json\/wp\/v2\/media\/4465"}],"wp:attachment":[{"href":"https:\/\/idealpesca.com\/loja\/wp-json\/wp\/v2\/media?parent=1318"}],"wp:term":[{"taxonomy":"product_brand","embeddable":true,"href":"https:\/\/idealpesca.com\/loja\/wp-json\/wp\/v2\/product_brand?post=1318"},{"taxonomy":"product_cat","embeddable":true,"href":"https:\/\/idealpesca.com\/loja\/wp-json\/wp\/v2\/product_cat?post=1318"},{"taxonomy":"product_tag","embeddable":true,"href":"https:\/\/idealpesca.com\/loja\/wp-json\/wp\/v2\/product_tag?post=1318"}],"curies":[{"name":"wp","href":"https:\/\/api.w.org\/{rel}","templated":true}]}}