{"id":1288,"date":"2026-03-20T12:17:05","date_gmt":"2026-03-20T12:17:05","guid":{"rendered":"https:\/\/idealpesca.com\/loja\/produto\/cana-barros-dourada-fast-reaction-2-50mts\/"},"modified":"2026-03-20T23:45:38","modified_gmt":"2026-03-20T23:45:38","slug":"cana-barros-dourada-fast-reaction-2-50mts","status":"publish","type":"product","link":"https:\/\/idealpesca.com\/loja\/produto\/cana-barros-dourada-fast-reaction-2-50mts\/","title":{"rendered":"Cana BARROS DOURADA FAST REACTION 2.50MTS."},"content":{"rendered":"<p>Canas de a\u00e7\u00e3o muito r\u00e1pida, adequadas para pesca fundeada, ou pesca \u201c\u00e0 rola\u201d. A a\u00e7\u00e3o de ponta permite sentir os toques mais dif\u00edceis, ao mesmo tempo que a rigidez resultante do cabo c\u00f3nico, proporciona uma ferragem en\u00e9rgica, muito importante na pesca das douradas. Equipada com duas ponteiras em fibra maci\u00e7a, a DOURADA FAST REACTION vem montada com passadores Fuji MN e porta carretos DNPS. S\u00e3o canas indicadas para a pesca de barco, ou de kayak, em estu\u00e1rios e no mar. Dispon\u00edvel em 2.50m e 2.80m.<\/p>\n<p>\u00a0<\/p>\n<p>\u00a0<\/p>\n<p>\u00a0<\/p>\n<table class=\"modelTable modelTableT2\">\n<tr>\n<td>\n<p>DOURADA FAST REACTION 250<\/p>\n<ul>\n<li>Comprimento: 2.50m<\/li>\n<li>Comprimento fechada: 1.25m<\/li>\n<li>Sec\u00e7\u00f5es: 2+2<\/li>\n<li>Peso: 250g<\/li>\n<li>A\u00e7\u00e3o: M\u00e1ximo 300g<\/li>\n<li>Teste de curva: 4kg<\/li>\n<\/ul>\n<\/td>\n<td>\n<p>DOURADA FAST REACTION 280<\/p>\n<ul>\n<li>Comprimento: 2.80m<\/li>\n<li>Comprimento fechada: 1.40m<\/li>\n<li>Sec\u00e7\u00f5es: 2+2<\/li>\n<li>Peso: 300g<\/li>\n<li>A\u00e7\u00e3o: M\u00e1ximo 300g<\/li>\n<li>Teste de curva: 4kg<\/li>\n<\/ul>\n<\/td>\n<\/tr>\n<\/table>\n<p>\u00a0<\/p>\n<p><span style=\"font-size: large;color: #000000\"><strong>\u00a0<\/strong><\/span><\/p>\n","protected":false},"excerpt":{"rendered":"<p>MODELO DA BARROS COM GRANDE QUALIDADE INDICADA PARA PESCA EMBARCADA \u00c1S DOURADAS<br \/>\nVERS\u00c3O COM FERRAGEM R\u00c1PIDA<\/p>\n","protected":false},"featured_media":4421,"comment_status":"open","ping_status":"closed","template":"","meta":[],"product_brand":[],"product_cat":[518,88],"product_tag":[],"class_list":{"0":"post-1288","1":"product","2":"type-product","3":"status-publish","4":"has-post-thumbnail","6":"product_cat-010300-pesca-embarcada","7":"product_cat-010301-barros","9":"first","10":"instock","11":"taxable","12":"shipping-taxable","13":"purchasable","14":"product-type-variable"},"_links":{"self":[{"href":"https:\/\/idealpesca.com\/loja\/wp-json\/wp\/v2\/product\/1288","targetHints":{"allow":["GET"]}}],"collection":[{"href":"https:\/\/idealpesca.com\/loja\/wp-json\/wp\/v2\/product"}],"about":[{"href":"https:\/\/idealpesca.com\/loja\/wp-json\/wp\/v2\/types\/product"}],"replies":[{"embeddable":true,"href":"https:\/\/idealpesca.com\/loja\/wp-json\/wp\/v2\/comments?post=1288"}],"wp:featuredmedia":[{"embeddable":true,"href":"https:\/\/idealpesca.com\/loja\/wp-json\/wp\/v2\/media\/4421"}],"wp:attachment":[{"href":"https:\/\/idealpesca.com\/loja\/wp-json\/wp\/v2\/media?parent=1288"}],"wp:term":[{"taxonomy":"product_brand","embeddable":true,"href":"https:\/\/idealpesca.com\/loja\/wp-json\/wp\/v2\/product_brand?post=1288"},{"taxonomy":"product_cat","embeddable":true,"href":"https:\/\/idealpesca.com\/loja\/wp-json\/wp\/v2\/product_cat?post=1288"},{"taxonomy":"product_tag","embeddable":true,"href":"https:\/\/idealpesca.com\/loja\/wp-json\/wp\/v2\/product_tag?post=1288"}],"curies":[{"name":"wp","href":"https:\/\/api.w.org\/{rel}","templated":true}]}}