{"id":1261,"date":"2026-03-20T12:16:57","date_gmt":"2026-03-20T12:16:57","guid":{"rendered":"https:\/\/idealpesca.com\/loja\/produto\/cana-daiwa-kohga-tenya-game-mx\/"},"modified":"2026-03-20T23:46:47","modified_gmt":"2026-03-20T23:46:47","slug":"cana-daiwa-kohga-tenya-game-mx","status":"publish","type":"product","link":"https:\/\/idealpesca.com\/loja\/produto\/cana-daiwa-kohga-tenya-game-mx\/","title":{"rendered":"Cana DAIWA KOHGA TENYA GAME MX"},"content":{"rendered":"<div class=\"product-desc\">\u00a0<\/p>\n<table class=\"table bordered js-pswp-gallery\">\n<tr>\n<th>Refer\u00eancia<\/th>\n<th>Comprimento<\/th>\n<th>Elementos<\/th>\n<th>Desmontada<\/th>\n<th>Peso<\/th>\n<th>Passadores<\/th>\n<th>Pot\u00eancia<\/th>\n<\/tr>\n<tr>\n<td>KHGMX235HAF<\/td>\n<td>2,35m<\/td>\n<td>2<\/td>\n<td>122cm<\/td>\n<td>107g<\/td>\n<td>12<\/td>\n<td>12-76g<\/td>\n<\/tr>\n<\/table>\n<\/div>\n<ul>\n<li>\n<div class=\"product-desc\">\n<p>\u00a0<\/p>\n<p>Esta cana topo de gama faz muito bem jus ao seu nome! No Jap\u00e3o, a gama Kohga oferece produtos dedicados \u00e0 pesca de grandes pargos. Nas nossas costas, o pargo tamb\u00e9m tornou-se o peixe rei para os pescadores tenya. Com um comprimento de 2,35m e uma pot\u00eancia de 12-76g, a Kohga Tenya Game MX \u00e9 um aliado perfeito e polivalente para pescar espar\u00eddeos com amostras tenya.<\/p>\n<p>Gra\u00e7as \u00e0s altas tecnologias Daiwa que a comp\u00f5em, esta cana \u00e9 um verdadeiro florete, com perfeita sensibilidade na ponta! Com efeito, a tecnologia Daiwa Metal-Top \u00e9 muito apreciada pelos pescadores exigentes, pois a ponteira das canas que dela disp\u00f5em \u00e9 feita em tit\u00e2nio. Associado aos passadores de carbono AGS presentes na parte superior da cana, a Kohga Tenya Game MX oferece uma sensibilidade e flexibilidade fora do comum que permitem enganar os peixes mais desconfiados. E uma vez que o espar\u00eddeo morda o anzol, poder\u00e1 contar com o poder do blank em carbono HVF montado com a tecnologia x45 para enfrentar e liderar o combate, mesmo contra os grandes peixes!<\/p>\n<\/div>\n<ul>\n<li>Blank carbono HVF montado com a tecnologia x45<\/li>\n<li>Encaixe V-Joint<\/li>\n<li>Passadores Fuji Sic Titanium depois AGS sobre a ponteira (os 5 \u00faltimos passadores)<\/li>\n<li>Porta-carreto Air Sensor com anel de aperto Fuji<\/li>\n<li>Pega EVA alta densidade<\/li>\n<li>A\u00e7\u00e3o de ponta<\/li>\n<li>Ponteira Metal Top<\/li>\n<\/ul>\n<\/li>\n<\/ul>\n","protected":false},"excerpt":{"rendered":"<p>Uma cana Inigual\u00e1vel para a pesca com tenya<br \/>\nO TOPO DE GAMA DA DAIWA<\/p>\n","protected":false},"featured_media":4395,"comment_status":"open","ping_status":"closed","template":"","meta":[],"product_brand":[],"product_cat":[545,145,418,552,517],"product_tag":[],"class_list":{"0":"post-1261","1":"product","2":"type-product","3":"status-publish","4":"has-post-thumbnail","6":"product_cat-010200-spinning","7":"product_cat-010203-daiwa","8":"product_cat-010304-daiwa","9":"product_cat-010603-daiwa","10":"product_cat-ideal-pesca","12":"first","13":"instock","14":"taxable","15":"shipping-taxable","16":"purchasable","17":"product-type-variable"},"_links":{"self":[{"href":"https:\/\/idealpesca.com\/loja\/wp-json\/wp\/v2\/product\/1261","targetHints":{"allow":["GET"]}}],"collection":[{"href":"https:\/\/idealpesca.com\/loja\/wp-json\/wp\/v2\/product"}],"about":[{"href":"https:\/\/idealpesca.com\/loja\/wp-json\/wp\/v2\/types\/product"}],"replies":[{"embeddable":true,"href":"https:\/\/idealpesca.com\/loja\/wp-json\/wp\/v2\/comments?post=1261"}],"wp:featuredmedia":[{"embeddable":true,"href":"https:\/\/idealpesca.com\/loja\/wp-json\/wp\/v2\/media\/4395"}],"wp:attachment":[{"href":"https:\/\/idealpesca.com\/loja\/wp-json\/wp\/v2\/media?parent=1261"}],"wp:term":[{"taxonomy":"product_brand","embeddable":true,"href":"https:\/\/idealpesca.com\/loja\/wp-json\/wp\/v2\/product_brand?post=1261"},{"taxonomy":"product_cat","embeddable":true,"href":"https:\/\/idealpesca.com\/loja\/wp-json\/wp\/v2\/product_cat?post=1261"},{"taxonomy":"product_tag","embeddable":true,"href":"https:\/\/idealpesca.com\/loja\/wp-json\/wp\/v2\/product_tag?post=1261"}],"curies":[{"name":"wp","href":"https:\/\/api.w.org\/{rel}","templated":true}]}}