{"id":1226,"date":"2026-03-20T12:16:48","date_gmt":"2026-03-20T12:16:48","guid":{"rendered":"https:\/\/idealpesca.com\/loja\/produto\/tuberini-gorilla-uc4-150-mt-3288-5301-5303-5307\/"},"modified":"2026-03-20T23:54:36","modified_gmt":"2026-03-20T23:54:36","slug":"tuberini-gorilla-uc4-150-mt-3288-5301-5303-5307","status":"publish","type":"product","link":"https:\/\/idealpesca.com\/loja\/produto\/tuberini-gorilla-uc4-150-mt-3288-5301-5303-5307\/","title":{"rendered":"Linha TUBERTINI Gorilla UC-4 350 mts."},"content":{"rendered":"<p><span style=\"font-size: large;color: #000000\"><strong>&#8211; Bobines com 350 metros;<br \/><\/strong><\/span><\/p>\n<p><span style=\"font-size: large;color: #000000\"><strong>&#8211; Fio resistente \u00e0 abras\u00e3o e ao n\u00f3<br \/><\/strong><\/span><\/p>\n<p><span style=\"font-size: large;color: #000000\"><strong>&#8211; Ideal para montagens, empates e utiliza\u00e7\u00e3o ao corrico;<br \/><\/strong><\/span><\/p>\n<p>\u00a0<\/p>\n","protected":false},"excerpt":{"rendered":"<p>Produzida com uma alta percentagem de polyvinylidene fluoride \u00e9 um excelente monofilamento para pesca embarcada ou de lan\u00e7amento gra\u00e7as \u00e0 sua transpar\u00eancia e resist\u00eancia ao n\u00f3<\/p>\n","protected":false},"featured_media":4304,"comment_status":"open","ping_status":"closed","template":"","meta":[],"product_brand":[],"product_cat":[299,318],"product_tag":[],"class_list":{"0":"post-1226","1":"product","2":"type-product","3":"status-publish","4":"has-post-thumbnail","6":"product_cat-060200-monofilamento-nylon-250-a-300-metros","7":"product_cat-060212-tubertini","9":"first","10":"instock","11":"taxable","12":"shipping-taxable","13":"purchasable","14":"product-type-variable"},"_links":{"self":[{"href":"https:\/\/idealpesca.com\/loja\/wp-json\/wp\/v2\/product\/1226","targetHints":{"allow":["GET"]}}],"collection":[{"href":"https:\/\/idealpesca.com\/loja\/wp-json\/wp\/v2\/product"}],"about":[{"href":"https:\/\/idealpesca.com\/loja\/wp-json\/wp\/v2\/types\/product"}],"replies":[{"embeddable":true,"href":"https:\/\/idealpesca.com\/loja\/wp-json\/wp\/v2\/comments?post=1226"}],"wp:featuredmedia":[{"embeddable":true,"href":"https:\/\/idealpesca.com\/loja\/wp-json\/wp\/v2\/media\/4304"}],"wp:attachment":[{"href":"https:\/\/idealpesca.com\/loja\/wp-json\/wp\/v2\/media?parent=1226"}],"wp:term":[{"taxonomy":"product_brand","embeddable":true,"href":"https:\/\/idealpesca.com\/loja\/wp-json\/wp\/v2\/product_brand?post=1226"},{"taxonomy":"product_cat","embeddable":true,"href":"https:\/\/idealpesca.com\/loja\/wp-json\/wp\/v2\/product_cat?post=1226"},{"taxonomy":"product_tag","embeddable":true,"href":"https:\/\/idealpesca.com\/loja\/wp-json\/wp\/v2\/product_tag?post=1226"}],"curies":[{"name":"wp","href":"https:\/\/api.w.org\/{rel}","templated":true}]}}