{"id":1208,"date":"2026-03-20T12:16:45","date_gmt":"2026-03-20T12:16:45","guid":{"rendered":"https:\/\/idealpesca.com\/loja\/produto\/estojo-para-canas-daiwa-1-25-mt-2631-4338-5212\/"},"modified":"2026-03-20T23:52:53","modified_gmt":"2026-03-20T23:52:53","slug":"estojo-para-canas-daiwa-1-25-mt-2631-4338-5212","status":"publish","type":"product","link":"https:\/\/idealpesca.com\/loja\/produto\/estojo-para-canas-daiwa-1-25-mt-2631-4338-5212\/","title":{"rendered":"ESTOJO CANAS EXPERTZIPER kali kunnan 1.60mtr"},"content":{"rendered":"<p>Saco flex\u00edveis refor\u00e7ado para prote\u00e7\u00e3o das canas durante o transporte.<\/p>\n<p>\u00a0<\/p>\n<table class=\"table bordered js-pswp-gallery\">\n<tr>\n<th>Refer\u00eancia<\/th>\n<th>Cor<\/th>\n<th>Dimens\u00e3o (cm)<\/th>\n<\/tr>\n<tr>\n<td>188836<\/td>\n<td>Preto \/ Laranja<\/td>\n<td>160 x 12<\/td>\n<\/tr>\n<\/table>\n<p><strong><span style=\"font-size: large;color: #000000\">\u00a0<\/span><\/strong><\/p>\n","protected":false},"excerpt":{"rendered":"<p>Saco flex\u00edveis refor\u00e7ado para prote\u00e7\u00e3o das canas durante o transporte. \u00a0 Refer\u00eancia Cor Dimens\u00e3o (cm) 188836 Preto \/ Laranja 160 x 12 \u00a0<\/p>\n","protected":false},"featured_media":4317,"comment_status":"open","ping_status":"closed","template":"","meta":[],"product_brand":[],"product_cat":[59],"product_tag":[],"class_list":{"0":"post-1208","1":"product","2":"type-product","3":"status-publish","4":"has-post-thumbnail","6":"product_cat-150000-estojos-e-bolsas-para-canas","8":"first","9":"instock","10":"taxable","11":"shipping-taxable","12":"purchasable","13":"product-type-variable"},"_links":{"self":[{"href":"https:\/\/idealpesca.com\/loja\/wp-json\/wp\/v2\/product\/1208","targetHints":{"allow":["GET"]}}],"collection":[{"href":"https:\/\/idealpesca.com\/loja\/wp-json\/wp\/v2\/product"}],"about":[{"href":"https:\/\/idealpesca.com\/loja\/wp-json\/wp\/v2\/types\/product"}],"replies":[{"embeddable":true,"href":"https:\/\/idealpesca.com\/loja\/wp-json\/wp\/v2\/comments?post=1208"}],"wp:featuredmedia":[{"embeddable":true,"href":"https:\/\/idealpesca.com\/loja\/wp-json\/wp\/v2\/media\/4317"}],"wp:attachment":[{"href":"https:\/\/idealpesca.com\/loja\/wp-json\/wp\/v2\/media?parent=1208"}],"wp:term":[{"taxonomy":"product_brand","embeddable":true,"href":"https:\/\/idealpesca.com\/loja\/wp-json\/wp\/v2\/product_brand?post=1208"},{"taxonomy":"product_cat","embeddable":true,"href":"https:\/\/idealpesca.com\/loja\/wp-json\/wp\/v2\/product_cat?post=1208"},{"taxonomy":"product_tag","embeddable":true,"href":"https:\/\/idealpesca.com\/loja\/wp-json\/wp\/v2\/product_tag?post=1208"}],"curies":[{"name":"wp","href":"https:\/\/api.w.org\/{rel}","templated":true}]}}