{"id":1202,"date":"2026-03-20T12:16:43","date_gmt":"2026-03-20T12:16:43","guid":{"rendered":"https:\/\/idealpesca.com\/loja\/produto\/daiwa-j-braid-multi-colour-150-mt-1-3582-4347-4600-4601-4602\/"},"modified":"2026-03-20T23:53:41","modified_gmt":"2026-03-20T23:53:41","slug":"daiwa-j-braid-multi-colour-150-mt-1-3582-4347-4600-4601-4602","status":"publish","type":"product","link":"https:\/\/idealpesca.com\/loja\/produto\/daiwa-j-braid-multi-colour-150-mt-1-3582-4347-4600-4601-4602\/","title":{"rendered":"LINHA daiwa J-BRAID X4 150 mts multicolor"},"content":{"rendered":"<div class=\"product-desc\">\n<p>O c\u00e9lebre multifilamento entran\u00e7ado japon\u00eas J-Braid est\u00e1 dispon\u00edvel na vers\u00e3o 4 fios. A sua estrutura em 4 fios concebida no Jap\u00e3o oferece-lhe uma muito boa resist\u00eancia aos n\u00f3s e \u00e0 abras\u00e3o. \u00c9 caracterizado por um perfil redondo e uma rigidez bem doseada oferecendo uma melhor sensibilidade e uma muito baixa resist\u00eancia \u00e0 corrente. A sua rela\u00e7\u00e3o qualidade \/ pre\u00e7o est\u00e1 \u00e0 altura da fam\u00edlia J-Braid: imbat\u00edvel!<\/p>\n<p>A cor amarela \u00e9 adequada \u00e0s \u00e1guas escuras e a todas as pescas que requerem uma controlo visual da linha: vertical, iscos, rockfishing.<\/p>\n<p>A cor verde \u00e9 a cor mais comum e est\u00e1 dispon\u00edvel numa ampla gama de di\u00e2metros.<\/p>\n<p>O multifilamento multicor \u00e9 ideal para as pescas no mar como o jigging, o slow-jigging e o bay jigging . Mudan\u00e7a de cor a cada 10 m.<\/p>\n<p>Dispon\u00edvel do 0,07 ao 0,33 mm em bobinas de 135 a 1500 m.<\/p>\n<\/div>\n<table class=\"table bordered js-pswp-gallery\">\n<tr>\n<td>Di\u00e2metro (mm)<\/td>\n<td>PE<\/td>\n<td>Resist\u00eancia<\/td>\n<td>Resist\u00eancia<\/td>\n<td>150 m&#8212;&#8211;Multicor<\/td>\n<td>\u00a0<\/td>\n<td>\u00a0<\/td>\n<\/tr>\n<tr>\n<td>10\/100<\/td>\n<td>#0,6<\/td>\n<td>3,8 kg<\/td>\n<td>9 lb<\/td>\n<td>12745010<\/td>\n<td>\u00a0<\/td>\n<td>\u00a0<\/td>\n<\/tr>\n<tr>\n<td>13\/100<\/td>\n<td>#1<\/td>\n<td>5,9 kg<\/td>\n<td>13 lb<\/td>\n<td>12745013<\/td>\n<td>\u00a0<\/td>\n<td>\u00a0<\/td>\n<\/tr>\n<tr>\n<td>15\/100<\/td>\n<td>#1,2<\/td>\n<td>6,9 kg<\/td>\n<td>15 lb<\/td>\n<td>12745015<\/td>\n<td>\u00a0<\/td>\n<td>\u00a0<\/td>\n<\/tr>\n<tr>\n<td>17\/100<\/td>\n<td>#1,5<\/td>\n<td>8,4 kg<\/td>\n<td>19 lb<\/td>\n<td>12745017<\/td>\n<td>\u00a0<\/td>\n<td>\u00a0<\/td>\n<\/tr>\n<tr>\n<td>19\/100<\/td>\n<td>#2<\/td>\n<td>10,2 kg<\/td>\n<td>23 lb<\/td>\n<td>12745019<\/td>\n<td>\u00a0<\/td>\n<td>\u00a0<\/td>\n<\/tr>\n<tr>\n<td>21\/100<\/td>\n<td>#2,5<\/td>\n<td>12,4 kg<\/td>\n<td>27 lb<\/td>\n<td>12745021<\/td>\n<td>\u00a0<\/td>\n<td>\u00a0<\/td>\n<\/tr>\n<tr>\n<td>25\/100<\/td>\n<td>#3<\/td>\n<td>14,4 kg<\/td>\n<td>32 lb<\/td>\n<td>12745025<\/td>\n<td>\u00a0<\/td>\n<td>\u00a0<\/td>\n<\/tr>\n<tr>\n<td>29\/100<\/td>\n<td>#4<\/td>\n<td>18,6 kg<\/td>\n<td>41 lb<\/td>\n<td>\u00a0<\/td>\n<td>\u00a0<\/td>\n<td>\u00a0<\/td>\n<\/tr>\n<tr>\n<td>33\/100<\/td>\n<td>#5<\/td>\n<td>22,4 kg<\/td>\n<td>50 lb<\/td>\n<td>\u00a0<\/td>\n<td>\u00a0<\/td>\n<td>\u00a0<\/td>\n<\/tr>\n<\/table>\n","protected":false},"excerpt":{"rendered":"<p>LINHA DE ALTA QUALIDADE DAIWA<\/p>\n","protected":false},"featured_media":4307,"comment_status":"open","ping_status":"closed","template":"","meta":[],"product_brand":[],"product_cat":[300,343],"product_tag":[],"class_list":{"0":"post-1202","1":"product","2":"type-product","3":"status-publish","4":"has-post-thumbnail","6":"product_cat-061000-multifilamento-100-a-150-mt","7":"product_cat-061002-daiwa","9":"first","10":"instock","11":"taxable","12":"shipping-taxable","13":"purchasable","14":"product-type-variable"},"_links":{"self":[{"href":"https:\/\/idealpesca.com\/loja\/wp-json\/wp\/v2\/product\/1202","targetHints":{"allow":["GET"]}}],"collection":[{"href":"https:\/\/idealpesca.com\/loja\/wp-json\/wp\/v2\/product"}],"about":[{"href":"https:\/\/idealpesca.com\/loja\/wp-json\/wp\/v2\/types\/product"}],"replies":[{"embeddable":true,"href":"https:\/\/idealpesca.com\/loja\/wp-json\/wp\/v2\/comments?post=1202"}],"wp:featuredmedia":[{"embeddable":true,"href":"https:\/\/idealpesca.com\/loja\/wp-json\/wp\/v2\/media\/4307"}],"wp:attachment":[{"href":"https:\/\/idealpesca.com\/loja\/wp-json\/wp\/v2\/media?parent=1202"}],"wp:term":[{"taxonomy":"product_brand","embeddable":true,"href":"https:\/\/idealpesca.com\/loja\/wp-json\/wp\/v2\/product_brand?post=1202"},{"taxonomy":"product_cat","embeddable":true,"href":"https:\/\/idealpesca.com\/loja\/wp-json\/wp\/v2\/product_cat?post=1202"},{"taxonomy":"product_tag","embeddable":true,"href":"https:\/\/idealpesca.com\/loja\/wp-json\/wp\/v2\/product_tag?post=1202"}],"curies":[{"name":"wp","href":"https:\/\/api.w.org\/{rel}","templated":true}]}}