{"id":119,"date":"2026-03-20T12:12:50","date_gmt":"2026-03-20T12:12:50","guid":{"rendered":"https:\/\/idealpesca.com\/loja\/produto\/williamson-metal-jigs-50-gr\/"},"modified":"2026-03-20T23:58:56","modified_gmt":"2026-03-20T23:58:56","slug":"williamson-metal-jigs-50-gr","status":"publish","type":"product","link":"https:\/\/idealpesca.com\/loja\/produto\/williamson-metal-jigs-50-gr\/","title":{"rendered":"Williamson GOMAME Metal Jigs 50 Gr."},"content":{"rendered":"<p><strong><span style=\"font-size: large;color: #000000\">Tamanho: 10 cm. <\/span><\/strong><\/p>\n<p><strong><span style=\"font-size: large;color: #000000\">Peso: 50 gramas <\/span><\/strong><\/p>\n<p><strong><span style=\"font-size: large;color: #000000\">Fateixas: 1<\/span><\/strong><\/p>\n<p><strong><span style=\"font-size: large;color: #000000\"> Observa\u00e7\u00f5es: As Metal Jigs s\u00e3o zagais fabricadas em forma de S, de forma a proporcionar uma ac\u00e7\u00e3o pronunciada de um peixe ferido. Munidas de fateixas de qualidade e um acabamento Top, estas amostras t\u00eam uma ac\u00e7\u00e3o incr\u00edvel e conseguem provocae todo o tipo de esp\u00e9cies pel\u00e1gicas.<\/span><\/strong><\/p>\n","protected":false},"excerpt":{"rendered":"<p>Simplesmente uma das melhores zagaias do mercado<\/p>\n","protected":false},"featured_media":2751,"comment_status":"open","ping_status":"closed","template":"","meta":[],"product_brand":[],"product_cat":[54,195],"product_tag":[],"class_list":{"0":"post-119","1":"product","2":"type-product","3":"status-publish","4":"has-post-thumbnail","6":"product_cat-030600-zagaiascasting-jigs-inchikus-e-light-rock-fishing","7":"product_cat-030614-williamson","9":"first","10":"instock","11":"taxable","12":"shipping-taxable","13":"purchasable","14":"product-type-variable"},"_links":{"self":[{"href":"https:\/\/idealpesca.com\/loja\/wp-json\/wp\/v2\/product\/119","targetHints":{"allow":["GET"]}}],"collection":[{"href":"https:\/\/idealpesca.com\/loja\/wp-json\/wp\/v2\/product"}],"about":[{"href":"https:\/\/idealpesca.com\/loja\/wp-json\/wp\/v2\/types\/product"}],"replies":[{"embeddable":true,"href":"https:\/\/idealpesca.com\/loja\/wp-json\/wp\/v2\/comments?post=119"}],"wp:featuredmedia":[{"embeddable":true,"href":"https:\/\/idealpesca.com\/loja\/wp-json\/wp\/v2\/media\/2751"}],"wp:attachment":[{"href":"https:\/\/idealpesca.com\/loja\/wp-json\/wp\/v2\/media?parent=119"}],"wp:term":[{"taxonomy":"product_brand","embeddable":true,"href":"https:\/\/idealpesca.com\/loja\/wp-json\/wp\/v2\/product_brand?post=119"},{"taxonomy":"product_cat","embeddable":true,"href":"https:\/\/idealpesca.com\/loja\/wp-json\/wp\/v2\/product_cat?post=119"},{"taxonomy":"product_tag","embeddable":true,"href":"https:\/\/idealpesca.com\/loja\/wp-json\/wp\/v2\/product_tag?post=119"}],"curies":[{"name":"wp","href":"https:\/\/api.w.org\/{rel}","templated":true}]}}