{"id":1186,"date":"2026-03-20T12:16:40","date_gmt":"2026-03-20T12:16:40","guid":{"rendered":"https:\/\/idealpesca.com\/loja\/produto\/saco-flexivel-1-cana-surfcasting\/"},"modified":"2026-03-20T23:56:50","modified_gmt":"2026-03-20T23:56:50","slug":"saco-flexivel-1-cana-surfcasting","status":"publish","type":"product","link":"https:\/\/idealpesca.com\/loja\/produto\/saco-flexivel-1-cana-surfcasting\/","title":{"rendered":"Saco flex\u00edvel 1 cana surfcasting"},"content":{"rendered":"<p>Este saco flex\u00edvel permite arrumar com toda a seguran\u00e7a uma cana de surf casting. Abre-se totalmente por um fecho ZIP com grandes carrinhos em PVC resistentes ao ambiente salino. Cont\u00e9m 2 bolsos que permitem guardar e separar as 3 elementos das canas: as mais sens\u00edveis (2\u00ba e 3\u00ba elementos) nos bolsos e o elemento base no centro. Uma pega de transporte em espuma est\u00e1 localizada no meio do saco.<\/p>\n<p>\u00a0<\/p>\n<table class=\"table bordered js-pswp-gallery\">\n<tr>\n<th>\u00a0<\/th>\n<th>Refer\u00eancia<\/th>\n<th>Cor<\/th>\n<th>Dimens\u00f5es<\/th>\n<\/tr>\n<tr>\n<td><span class=\"new\">N<\/span><\/td>\n<td>HS1C<\/td>\n<td>Vermelho e preto<\/td>\n<td>163 x 13,5 x 2,5 cm<\/td>\n<\/tr>\n<\/table>\n<p><strong><span style=\"font-size: large;color: #000000\">\u00a0<\/span><\/strong><\/p>\n","protected":false},"excerpt":{"rendered":"<p>Este saco flex\u00edvel permite arrumar com toda a seguran\u00e7a uma cana de surf casting. Abre-se totalmente por um fecho ZIP com grandes carrinhos em PVC resistentes ao ambiente salino. Cont\u00e9m 2 bolsos que permitem guardar e separar as 3 elementos das canas: as mais sens\u00edveis (2\u00ba e 3\u00ba elementos) nos bolsos e o elemento base [&hellip;]<\/p>\n","protected":false},"featured_media":4291,"comment_status":"open","ping_status":"closed","template":"","meta":[],"product_brand":[],"product_cat":[59,517],"product_tag":[],"class_list":{"0":"post-1186","1":"product","2":"type-product","3":"status-publish","4":"has-post-thumbnail","6":"product_cat-150000-estojos-e-bolsas-para-canas","7":"product_cat-ideal-pesca","9":"first","10":"instock","11":"taxable","12":"shipping-taxable","13":"purchasable","14":"product-type-variable"},"_links":{"self":[{"href":"https:\/\/idealpesca.com\/loja\/wp-json\/wp\/v2\/product\/1186","targetHints":{"allow":["GET"]}}],"collection":[{"href":"https:\/\/idealpesca.com\/loja\/wp-json\/wp\/v2\/product"}],"about":[{"href":"https:\/\/idealpesca.com\/loja\/wp-json\/wp\/v2\/types\/product"}],"replies":[{"embeddable":true,"href":"https:\/\/idealpesca.com\/loja\/wp-json\/wp\/v2\/comments?post=1186"}],"wp:featuredmedia":[{"embeddable":true,"href":"https:\/\/idealpesca.com\/loja\/wp-json\/wp\/v2\/media\/4291"}],"wp:attachment":[{"href":"https:\/\/idealpesca.com\/loja\/wp-json\/wp\/v2\/media?parent=1186"}],"wp:term":[{"taxonomy":"product_brand","embeddable":true,"href":"https:\/\/idealpesca.com\/loja\/wp-json\/wp\/v2\/product_brand?post=1186"},{"taxonomy":"product_cat","embeddable":true,"href":"https:\/\/idealpesca.com\/loja\/wp-json\/wp\/v2\/product_cat?post=1186"},{"taxonomy":"product_tag","embeddable":true,"href":"https:\/\/idealpesca.com\/loja\/wp-json\/wp\/v2\/product_tag?post=1186"}],"curies":[{"name":"wp","href":"https:\/\/api.w.org\/{rel}","templated":true}]}}