{"id":1185,"date":"2026-03-20T12:16:40","date_gmt":"2026-03-20T12:16:40","guid":{"rendered":"https:\/\/idealpesca.com\/loja\/produto\/vadeador-daiwa-taslon\/"},"modified":"2026-03-20T23:58:29","modified_gmt":"2026-03-20T23:58:29","slug":"vadeador-daiwa-taslon","status":"publish","type":"product","link":"https:\/\/idealpesca.com\/loja\/produto\/vadeador-daiwa-taslon\/","title":{"rendered":"Vadeador DAIWA Taslon"},"content":{"rendered":"<p>Conforto a baixo pre\u00e7o! Estas waders em Taslon oferecem um excelente conforto e uma excelente robustez. Os el\u00e1sticos laterais ajustam a wader \u00e0s ancas e o corte oferece uma grande liberdade de movimento. A sola conforto facilita as longas marchas. Com um design s\u00f3brio, s\u00e3o adequadas tanto para uso em \u00e1gua doce (truta em cursos de \u00e1gua, carpa ou predadores em lago&#8230;) como para o mar (pesca do robalo, pescas a p\u00e9&#8230;). O Taslon \u00e9 uma mat\u00e9ria 100% sint\u00e9tica imperme\u00e1vel produzida a partir de um tecido revestido. Mais macio que o PVC, o Taslon permite fabricar waders leves, menos rijas e mais agrad\u00e1veis de utilizar que o PVC. Dispon\u00edvel em 6 tamanhos do 36\/37 ao 46\/47. Fornecida num saco de transporte.<\/p>\n<table class=\"table bordered js-pswp-gallery\">\n<tr>\n<th>N\u00famero<\/th>\n<th>Waders<\/th>\n<\/tr>\n<tr>\n<td>36 \/ 37<\/td>\n<td>WNA3637<\/td>\n<\/tr>\n<tr>\n<td>38 \/ 39<\/td>\n<td>WNA3839<\/td>\n<\/tr>\n<tr>\n<td>40 \/ 41<\/td>\n<td>WNA4041<\/td>\n<\/tr>\n<tr>\n<td>42 \/ 43<\/td>\n<td>WNA4243<\/td>\n<\/tr>\n<tr>\n<td>44 \/ 45<\/td>\n<td>WNA4445<\/td>\n<\/tr>\n<tr>\n<td>46 \/ 47<\/td>\n<td>WNA4647<\/td>\n<\/tr>\n<\/table>\n","protected":false},"excerpt":{"rendered":"<p>Waders em Taslon<\/p>\n","protected":false},"featured_media":4289,"comment_status":"open","ping_status":"closed","template":"","meta":[],"product_brand":[],"product_cat":[38,517],"product_tag":[],"class_list":{"0":"post-1185","1":"product","2":"type-product","3":"status-publish","4":"has-post-thumbnail","6":"product_cat-230000-vadeadores","7":"product_cat-ideal-pesca","9":"first","10":"instock","11":"taxable","12":"shipping-taxable","13":"purchasable","14":"product-type-variable"},"_links":{"self":[{"href":"https:\/\/idealpesca.com\/loja\/wp-json\/wp\/v2\/product\/1185","targetHints":{"allow":["GET"]}}],"collection":[{"href":"https:\/\/idealpesca.com\/loja\/wp-json\/wp\/v2\/product"}],"about":[{"href":"https:\/\/idealpesca.com\/loja\/wp-json\/wp\/v2\/types\/product"}],"replies":[{"embeddable":true,"href":"https:\/\/idealpesca.com\/loja\/wp-json\/wp\/v2\/comments?post=1185"}],"wp:featuredmedia":[{"embeddable":true,"href":"https:\/\/idealpesca.com\/loja\/wp-json\/wp\/v2\/media\/4289"}],"wp:attachment":[{"href":"https:\/\/idealpesca.com\/loja\/wp-json\/wp\/v2\/media?parent=1185"}],"wp:term":[{"taxonomy":"product_brand","embeddable":true,"href":"https:\/\/idealpesca.com\/loja\/wp-json\/wp\/v2\/product_brand?post=1185"},{"taxonomy":"product_cat","embeddable":true,"href":"https:\/\/idealpesca.com\/loja\/wp-json\/wp\/v2\/product_cat?post=1185"},{"taxonomy":"product_tag","embeddable":true,"href":"https:\/\/idealpesca.com\/loja\/wp-json\/wp\/v2\/product_tag?post=1185"}],"curies":[{"name":"wp","href":"https:\/\/api.w.org\/{rel}","templated":true}]}}