{"id":1163,"date":"2026-03-20T12:16:34","date_gmt":"2026-03-20T12:16:34","guid":{"rendered":"https:\/\/idealpesca.com\/loja\/produto\/cana-vercelli-enygma-magna-hybrid-4-50-mt\/"},"modified":"2026-03-20T23:49:43","modified_gmt":"2026-03-20T23:49:43","slug":"cana-vercelli-enygma-magna-hybrid-4-50-mt","status":"publish","type":"product","link":"https:\/\/idealpesca.com\/loja\/produto\/cana-vercelli-enygma-magna-hybrid-4-50-mt\/","title":{"rendered":"Cana VERCELLI Enygma MAGNA HYBRID 4.50 MT."},"content":{"rendered":"<p><span style=\"font-size: 14pt\"><strong>TAMANHO: 4.50 MT.<\/strong><\/span><\/p>\n<p><span style=\"font-size: 14pt\"><strong>AC\u00c7\u00c3O: 100-200 GRAMAS<\/strong><\/span><\/p>\n<p><span style=\"font-size: 14pt\"><strong>PASSADORES: FUJI LOW RIDER<\/strong><\/span><\/p>\n<p><span style=\"font-size: 14pt\"><strong>PORTA-CARRETOS: FUJI\u00a0<\/strong><\/span><\/p>\n<p><span style=\"font-size: 14pt\"><strong>PESO: 596 GRAMAS<\/strong><\/span><\/p>\n","protected":false},"excerpt":{"rendered":"<p>Cana equipada com passadores fuji, permite um lan\u00e7amento f\u00e1cil sem grande esfor\u00e7o devido \u00e1 sua elasticidade<\/p>\n","protected":false},"featured_media":3143,"comment_status":"open","ping_status":"closed","template":"","meta":[],"product_brand":[],"product_cat":[551,107],"product_tag":[],"class_list":{"0":"post-1163","1":"product","2":"type-product","3":"status-publish","4":"has-post-thumbnail","6":"product_cat-010100-surfcasting-pesca-de-lancamento","7":"product_cat-010112-vercelli","9":"first","10":"instock","11":"taxable","12":"shipping-taxable","13":"purchasable","14":"product-type-variable"},"_links":{"self":[{"href":"https:\/\/idealpesca.com\/loja\/wp-json\/wp\/v2\/product\/1163","targetHints":{"allow":["GET"]}}],"collection":[{"href":"https:\/\/idealpesca.com\/loja\/wp-json\/wp\/v2\/product"}],"about":[{"href":"https:\/\/idealpesca.com\/loja\/wp-json\/wp\/v2\/types\/product"}],"replies":[{"embeddable":true,"href":"https:\/\/idealpesca.com\/loja\/wp-json\/wp\/v2\/comments?post=1163"}],"wp:featuredmedia":[{"embeddable":true,"href":"https:\/\/idealpesca.com\/loja\/wp-json\/wp\/v2\/media\/3143"}],"wp:attachment":[{"href":"https:\/\/idealpesca.com\/loja\/wp-json\/wp\/v2\/media?parent=1163"}],"wp:term":[{"taxonomy":"product_brand","embeddable":true,"href":"https:\/\/idealpesca.com\/loja\/wp-json\/wp\/v2\/product_brand?post=1163"},{"taxonomy":"product_cat","embeddable":true,"href":"https:\/\/idealpesca.com\/loja\/wp-json\/wp\/v2\/product_cat?post=1163"},{"taxonomy":"product_tag","embeddable":true,"href":"https:\/\/idealpesca.com\/loja\/wp-json\/wp\/v2\/product_tag?post=1163"}],"curies":[{"name":"wp","href":"https:\/\/api.w.org\/{rel}","templated":true}]}}