{"id":1158,"date":"2026-03-20T12:16:33","date_gmt":"2026-03-20T12:16:33","guid":{"rendered":"https:\/\/idealpesca.com\/loja\/produto\/lanterna-de-cabeca-com-sensor-recarregavel\/"},"modified":"2026-04-17T18:11:02","modified_gmt":"2026-04-17T17:11:02","slug":"lanterna-de-cabeca-com-sensor-recarregavel","status":"publish","type":"product","link":"https:\/\/idealpesca.com\/loja\/produto\/lanterna-de-cabeca-com-sensor-recarregavel\/","title":{"rendered":"LANTERNA DE CABE\u00c7A COM SENSOR RECARREG\u00c1VEL"},"content":{"rendered":"<p><strong>Descri\u00e7\u00e3o<br \/><\/strong><\/p>\n<table>\n<tr>\n<th>C\u00f4r<\/th>\n<td>negro<\/td>\n<\/tr>\n<tr>\n<th>peso<\/th>\n<td>53 gr<\/td>\n<\/tr>\n<tr>\n<th>categoria<\/th>\n<td>Lanterna cabe\u00e7a<\/td>\n<\/tr>\n<tr>\n<th>tipo l\u00e2mpada<\/th>\n<td>LED<\/td>\n<\/tr>\n<tr>\n<th>alimenta\u00e7\u00e3o<\/th>\n<td>800mah<\/td>\n<\/tr>\n<tr>\n<th>Material<\/th>\n<td>pl\u00e1stico<\/td>\n<\/tr>\n<tr>\n<th>intensidade (max)<\/th>\n<td>350 lumens<\/td>\n<\/tr>\n<\/table>\n<p>\u00a0<\/p>\n<div class=\"productCaracteristiquesPosition inlineblock\">\n<p>\u00a0<\/p>\n<\/div>\n","protected":false},"excerpt":{"rendered":"<p>A  lanterna 350l coompact recarreg\u00e1vel com bateria de lithium, vem equipada com LED de foco r\u00e1pido e com sistema de sensor de movimento on\/off com 3 fun\u00e7\u00f5es , que pode ser accionado apenas com um movimento da m\u00e3o. Fabricada em ABS resistente ao impacto.<\/p>\n","protected":false},"featured_media":4257,"comment_status":"open","ping_status":"closed","template":"","meta":[],"product_brand":[],"product_cat":[57],"product_tag":[],"class_list":{"0":"post-1158","1":"product","2":"type-product","3":"status-publish","4":"has-post-thumbnail","6":"product_cat-190000-lanternas","8":"first","9":"outofstock","10":"taxable","11":"shipping-taxable","12":"purchasable","13":"product-type-simple"},"_links":{"self":[{"href":"https:\/\/idealpesca.com\/loja\/wp-json\/wp\/v2\/product\/1158","targetHints":{"allow":["GET"]}}],"collection":[{"href":"https:\/\/idealpesca.com\/loja\/wp-json\/wp\/v2\/product"}],"about":[{"href":"https:\/\/idealpesca.com\/loja\/wp-json\/wp\/v2\/types\/product"}],"replies":[{"embeddable":true,"href":"https:\/\/idealpesca.com\/loja\/wp-json\/wp\/v2\/comments?post=1158"}],"wp:featuredmedia":[{"embeddable":true,"href":"https:\/\/idealpesca.com\/loja\/wp-json\/wp\/v2\/media\/4257"}],"wp:attachment":[{"href":"https:\/\/idealpesca.com\/loja\/wp-json\/wp\/v2\/media?parent=1158"}],"wp:term":[{"taxonomy":"product_brand","embeddable":true,"href":"https:\/\/idealpesca.com\/loja\/wp-json\/wp\/v2\/product_brand?post=1158"},{"taxonomy":"product_cat","embeddable":true,"href":"https:\/\/idealpesca.com\/loja\/wp-json\/wp\/v2\/product_cat?post=1158"},{"taxonomy":"product_tag","embeddable":true,"href":"https:\/\/idealpesca.com\/loja\/wp-json\/wp\/v2\/product_tag?post=1158"}],"curies":[{"name":"wp","href":"https:\/\/api.w.org\/{rel}","templated":true}]}}