{"id":1124,"date":"2026-03-20T12:16:25","date_gmt":"2026-03-20T12:16:25","guid":{"rendered":"https:\/\/idealpesca.com\/loja\/produto\/vadeador-hart-skin-boot\/"},"modified":"2026-04-17T18:11:06","modified_gmt":"2026-04-17T17:11:06","slug":"vadeador-hart-skin-boot","status":"publish","type":"product","link":"https:\/\/idealpesca.com\/loja\/produto\/vadeador-hart-skin-boot\/","title":{"rendered":"VADEADOR HART skin boot"},"content":{"rendered":"<p><strong>&#8211; VADEADOR RESPIR\u00c1VEL EM TECIDO LAMINADO ;<br \/><\/strong><\/p>\n<p><strong>&#8211; BOLSOS NO PEITO ( N\u00c3O ESTANQUE);<\/strong><\/p>\n<p><strong>&#8211; SUSPENS\u00d3RIOS EL\u00c1STICOS REGUL\u00c1VEIS;<\/strong><\/p>\n<p><strong>&#8211; CINTO REGUL\u00c1VEL COM ANILHAS PARA ACESS\u00d3RIOS;<\/strong><\/p>\n<p><strong>&#8211; BOTA INCORPORADA;<\/strong><\/p>\n<p><strong>\u00a0<\/strong><\/p>\n","protected":false},"excerpt":{"rendered":"<p>Vadeador HART com bota<\/p>\n","protected":false},"featured_media":4211,"comment_status":"open","ping_status":"closed","template":"","meta":[],"product_brand":[],"product_cat":[38],"product_tag":[],"class_list":{"0":"post-1124","1":"product","2":"type-product","3":"status-publish","4":"has-post-thumbnail","6":"product_cat-230000-vadeadores","8":"first","9":"outofstock","10":"taxable","11":"shipping-taxable","12":"purchasable","13":"product-type-variable"},"_links":{"self":[{"href":"https:\/\/idealpesca.com\/loja\/wp-json\/wp\/v2\/product\/1124","targetHints":{"allow":["GET"]}}],"collection":[{"href":"https:\/\/idealpesca.com\/loja\/wp-json\/wp\/v2\/product"}],"about":[{"href":"https:\/\/idealpesca.com\/loja\/wp-json\/wp\/v2\/types\/product"}],"replies":[{"embeddable":true,"href":"https:\/\/idealpesca.com\/loja\/wp-json\/wp\/v2\/comments?post=1124"}],"wp:featuredmedia":[{"embeddable":true,"href":"https:\/\/idealpesca.com\/loja\/wp-json\/wp\/v2\/media\/4211"}],"wp:attachment":[{"href":"https:\/\/idealpesca.com\/loja\/wp-json\/wp\/v2\/media?parent=1124"}],"wp:term":[{"taxonomy":"product_brand","embeddable":true,"href":"https:\/\/idealpesca.com\/loja\/wp-json\/wp\/v2\/product_brand?post=1124"},{"taxonomy":"product_cat","embeddable":true,"href":"https:\/\/idealpesca.com\/loja\/wp-json\/wp\/v2\/product_cat?post=1124"},{"taxonomy":"product_tag","embeddable":true,"href":"https:\/\/idealpesca.com\/loja\/wp-json\/wp\/v2\/product_tag?post=1124"}],"curies":[{"name":"wp","href":"https:\/\/api.w.org\/{rel}","templated":true}]}}