{"id":1100,"date":"2026-03-20T12:16:21","date_gmt":"2026-03-20T12:16:21","guid":{"rendered":"https:\/\/idealpesca.com\/loja\/produto\/carreto-shimano-twin-power-sw-c-6000-hg\/"},"modified":"2026-03-20T23:51:18","modified_gmt":"2026-03-20T23:51:18","slug":"carreto-shimano-twin-power-sw-c-6000-hg","status":"publish","type":"product","link":"https:\/\/idealpesca.com\/loja\/produto\/carreto-shimano-twin-power-sw-c-6000-hg\/","title":{"rendered":"Carreto Shimano Twin Power SW C 6000 HG"},"content":{"rendered":"<p><span style=\"font-size: large;color: #000000\"><strong>Modelo:<\/strong> 6000 <\/span><\/p>\n<p><span style=\"font-size: large;color: #000000\"><strong>Rolamentos:<\/strong> 10+1<\/span><\/p>\n<p><span style=\"font-size: large;color: #000000\"><strong> Ratio:<\/strong> 5.7:1 <\/span><\/p>\n<p><span style=\"font-size: large;color: #000000\"><strong>Drag:<\/strong> 13 Kg. <\/span><\/p>\n<p><span style=\"font-size: large;color: #000000\"><strong>Enrolamento:<\/strong> 103 cm.\/volta <\/span><\/p>\n<p><span style=\"font-size: large;color: #000000\"><strong>Bobines:<\/strong> 1<\/span><\/p>\n<p><span style=\"font-size: large;color: #000000\"><strong> Capacidade de linha:<\/strong>\u00a0240 metros de 0,33mm.<\/span><\/p>\n<p><span style=\"font-size: large;color: #000000\"><strong> Peso:<\/strong> 420 gramas<\/span><\/p>\n<p><span style=\"font-size: large;color: #000000\"><strong> Material:<\/strong> Alum\u00ednio, com protec\u00e7\u00e3o para \u00e1gua salgada <\/span><\/p>\n<p>\u00a0<\/p>\n","protected":false},"excerpt":{"rendered":"<p>NOVIDADE 2021<br \/>\nCorpo e engrenagem Hagane<br \/>\nX-Shield e X-Protect para evitar a entrada de agua no corpo e partes m\u00f3veis<\/p>\n","protected":false},"featured_media":4170,"comment_status":"open","ping_status":"closed","template":"","meta":[],"product_brand":[],"product_cat":[45,75,44,66,517],"product_tag":[],"class_list":{"0":"post-1100","1":"product","2":"type-product","3":"status-publish","4":"has-post-thumbnail","6":"product_cat-020200-boia-spinning-eging","7":"product_cat-020208-shimano","8":"product_cat-020300-barco-buldo-falesia","9":"product_cat-020307-shimano","10":"product_cat-ideal-pesca","12":"first","13":"instock","14":"taxable","15":"shipping-taxable","16":"purchasable","17":"product-type-variable"},"_links":{"self":[{"href":"https:\/\/idealpesca.com\/loja\/wp-json\/wp\/v2\/product\/1100","targetHints":{"allow":["GET"]}}],"collection":[{"href":"https:\/\/idealpesca.com\/loja\/wp-json\/wp\/v2\/product"}],"about":[{"href":"https:\/\/idealpesca.com\/loja\/wp-json\/wp\/v2\/types\/product"}],"replies":[{"embeddable":true,"href":"https:\/\/idealpesca.com\/loja\/wp-json\/wp\/v2\/comments?post=1100"}],"wp:featuredmedia":[{"embeddable":true,"href":"https:\/\/idealpesca.com\/loja\/wp-json\/wp\/v2\/media\/4170"}],"wp:attachment":[{"href":"https:\/\/idealpesca.com\/loja\/wp-json\/wp\/v2\/media?parent=1100"}],"wp:term":[{"taxonomy":"product_brand","embeddable":true,"href":"https:\/\/idealpesca.com\/loja\/wp-json\/wp\/v2\/product_brand?post=1100"},{"taxonomy":"product_cat","embeddable":true,"href":"https:\/\/idealpesca.com\/loja\/wp-json\/wp\/v2\/product_cat?post=1100"},{"taxonomy":"product_tag","embeddable":true,"href":"https:\/\/idealpesca.com\/loja\/wp-json\/wp\/v2\/product_tag?post=1100"}],"curies":[{"name":"wp","href":"https:\/\/api.w.org\/{rel}","templated":true}]}}