{"id":1071,"date":"2026-03-20T12:16:14","date_gmt":"2026-03-20T12:16:14","guid":{"rendered":"https:\/\/idealpesca.com\/loja\/produto\/vinil-daiwa-samurai-eel-175\/"},"modified":"2026-03-20T23:58:30","modified_gmt":"2026-03-20T23:58:30","slug":"vinil-daiwa-samurai-eel-175","status":"publish","type":"product","link":"https:\/\/idealpesca.com\/loja\/produto\/vinil-daiwa-samurai-eel-175\/","title":{"rendered":"VINIL DAIWA SAMURAI EEL 175"},"content":{"rendered":"<p>COMPRIMENTO: 17,5CM.;<\/p>\n<p>CABE\u00c7OTE: 42GRS &#8211; 29MM<\/p>\n<p>QUANTIDADE POR EMBALAGEM: 2 UNIDADES.;<\/p>\n","protected":false},"excerpt":{"rendered":"<p>ESPECIAL ROBALOS E  CORVINAS<\/p>\n<p>COMBINA COM CABE\u00c7OTES DAIWA JIG HEAD VENDIDOS \u00c0 PARTE NA CATEGORIA DE CABE\u00c7OTES<\/p>\n","protected":false},"featured_media":4148,"comment_status":"open","ping_status":"closed","template":"","meta":[],"product_brand":[],"product_cat":[53,252,517],"product_tag":[],"class_list":{"0":"post-1071","1":"product","2":"type-product","3":"status-publish","4":"has-post-thumbnail","6":"product_cat-030400-amostras-vinil","7":"product_cat-030402-daiwa","8":"product_cat-ideal-pesca","10":"first","11":"instock","12":"taxable","13":"shipping-taxable","14":"purchasable","15":"product-type-variable"},"_links":{"self":[{"href":"https:\/\/idealpesca.com\/loja\/wp-json\/wp\/v2\/product\/1071","targetHints":{"allow":["GET"]}}],"collection":[{"href":"https:\/\/idealpesca.com\/loja\/wp-json\/wp\/v2\/product"}],"about":[{"href":"https:\/\/idealpesca.com\/loja\/wp-json\/wp\/v2\/types\/product"}],"replies":[{"embeddable":true,"href":"https:\/\/idealpesca.com\/loja\/wp-json\/wp\/v2\/comments?post=1071"}],"wp:featuredmedia":[{"embeddable":true,"href":"https:\/\/idealpesca.com\/loja\/wp-json\/wp\/v2\/media\/4148"}],"wp:attachment":[{"href":"https:\/\/idealpesca.com\/loja\/wp-json\/wp\/v2\/media?parent=1071"}],"wp:term":[{"taxonomy":"product_brand","embeddable":true,"href":"https:\/\/idealpesca.com\/loja\/wp-json\/wp\/v2\/product_brand?post=1071"},{"taxonomy":"product_cat","embeddable":true,"href":"https:\/\/idealpesca.com\/loja\/wp-json\/wp\/v2\/product_cat?post=1071"},{"taxonomy":"product_tag","embeddable":true,"href":"https:\/\/idealpesca.com\/loja\/wp-json\/wp\/v2\/product_tag?post=1071"}],"curies":[{"name":"wp","href":"https:\/\/api.w.org\/{rel}","templated":true}]}}