{"id":1050,"date":"2026-03-20T12:16:10","date_gmt":"2026-03-20T12:16:10","guid":{"rendered":"https:\/\/idealpesca.com\/loja\/produto\/linha-platil-ghost-fluorocarbon\/"},"modified":"2026-03-20T23:54:05","modified_gmt":"2026-03-20T23:54:05","slug":"linha-platil-ghost-fluorocarbon","status":"publish","type":"product","link":"https:\/\/idealpesca.com\/loja\/produto\/linha-platil-ghost-fluorocarbon\/","title":{"rendered":"Linha PLATIL Ghost FluoroCarbon"},"content":{"rendered":"<div class=\"product-content\">\n<div class=\"product-content-inner\">\n<div class=\"product-desc\">\n<p>O segredo da invisibilidade deste fluorocarbono moderno reside no seu \u00edndice de refra\u00e7\u00e3o (1,42), muito pr\u00f3ximo do da \u00e1gua (1.33). Fabricado na Alemanha em poly-fluorcarbon, material que permite a passagem t\u00e3o bem dos raios luminosos como dos Ultravioletas, o seu tempo de vida \u00e9 estimado de 20 a 30 anos. A sua aus\u00eancia de mem\u00f3ria permite-lhe retomar o seu aspeto retil\u00edneo, logo ap\u00f3s qualquer estiramento ou tor\u00e7\u00e3o. Al\u00e9m disso, com o seu excelente deslizamento e resist\u00eancia aos n\u00f3s, o Platil Ghost \u00e9 o melhor, utiliz\u00e1vel tanto como linha do carreto como nas baixadas e estralhos.<\/p>\n<\/div>\n<div class=\"row\">\u00a0<\/div>\n<\/div>\n<\/div>\n<div class=\"product-content-next\">\u00a0<\/div>\n<p>\u00a0<\/p>\n<table class=\"table bordered js-pswp-gallery\">\n<tr>\n<th>Di\u00e2metro (mm)<\/th>\n<th>Resist\u00eancia<\/th>\n<th>Comprimento<\/th>\n<th>Ref<\/th>\n<\/tr>\n<tr>\n<td>25\/100<\/td>\n<td>4,6 kg<\/td>\n<td>200 m<\/td>\n<td>GHOST20025<\/td>\n<\/tr>\n<tr>\n<td>30\/100<\/td>\n<td>6,4 kg<\/td>\n<td>200 m<\/td>\n<td>GHOST20030<\/td>\n<\/tr>\n<tr>\n<td>35\/100<\/td>\n<td>7,9 kg<\/td>\n<td>200 m<\/td>\n<td>GHOST20035<\/td>\n<\/tr>\n<tr>\n<td>40\/100<\/td>\n<td>9,9 kg<\/td>\n<td>200 m<\/td>\n<td>GHOST20040<\/td>\n<\/tr>\n<tr>\n<td>45\/100<\/td>\n<td>12,5 kg<\/td>\n<td>200 m<\/td>\n<td>GHOST20045<\/td>\n<\/tr>\n<tr>\n<td>50\/100<\/td>\n<td>14,0 kg<\/td>\n<td>200 m<\/td>\n<td>GHOST20050<\/td>\n<\/tr>\n<tr>\n<td>60\/100<\/td>\n<td>16,5 kg<\/td>\n<td>130 m<\/td>\n<td>GHOST13060<\/td>\n<\/tr>\n<tr>\n<td>80\/100<\/td>\n<td>23,5 kg<\/td>\n<td>80 m<\/td>\n<td>GHOST08080<\/td>\n<\/tr>\n<tr>\n<td>100\/100<\/td>\n<td>39,0 kg<\/td>\n<td>55 m<\/td>\n<td>GHOST55100<\/td>\n<\/tr>\n<\/table>\n","protected":false},"excerpt":{"rendered":"<p>O segredo da invisibilidade.<br \/>\nPre\u00e7o desde \u20ac9.80<br \/>\nBobines de 200 mts. at\u00e9 ao 0.50mm<br \/>\nBobines de 80 mts. na medida 0.80mm<br \/>\nBobines de 55 mts. na medida 1.00mm<\/p>\n","protected":false},"featured_media":4124,"comment_status":"open","ping_status":"closed","template":"","meta":[],"product_brand":[],"product_cat":[305,473,517],"product_tag":[],"class_list":{"0":"post-1050","1":"product","2":"type-product","3":"status-publish","4":"has-post-thumbnail","6":"product_cat-060600-fluorocarbono-100-a-250-metros","7":"product_cat-060607-platil","8":"product_cat-ideal-pesca","10":"first","11":"instock","12":"taxable","13":"shipping-taxable","14":"purchasable","15":"product-type-variable"},"_links":{"self":[{"href":"https:\/\/idealpesca.com\/loja\/wp-json\/wp\/v2\/product\/1050","targetHints":{"allow":["GET"]}}],"collection":[{"href":"https:\/\/idealpesca.com\/loja\/wp-json\/wp\/v2\/product"}],"about":[{"href":"https:\/\/idealpesca.com\/loja\/wp-json\/wp\/v2\/types\/product"}],"replies":[{"embeddable":true,"href":"https:\/\/idealpesca.com\/loja\/wp-json\/wp\/v2\/comments?post=1050"}],"wp:featuredmedia":[{"embeddable":true,"href":"https:\/\/idealpesca.com\/loja\/wp-json\/wp\/v2\/media\/4124"}],"wp:attachment":[{"href":"https:\/\/idealpesca.com\/loja\/wp-json\/wp\/v2\/media?parent=1050"}],"wp:term":[{"taxonomy":"product_brand","embeddable":true,"href":"https:\/\/idealpesca.com\/loja\/wp-json\/wp\/v2\/product_brand?post=1050"},{"taxonomy":"product_cat","embeddable":true,"href":"https:\/\/idealpesca.com\/loja\/wp-json\/wp\/v2\/product_cat?post=1050"},{"taxonomy":"product_tag","embeddable":true,"href":"https:\/\/idealpesca.com\/loja\/wp-json\/wp\/v2\/product_tag?post=1050"}],"curies":[{"name":"wp","href":"https:\/\/api.w.org\/{rel}","templated":true}]}}