{"id":1048,"date":"2026-03-20T12:16:09","date_gmt":"2026-03-20T12:16:09","guid":{"rendered":"https:\/\/idealpesca.com\/loja\/produto\/montagens-bateau-competicao-medium\/"},"modified":"2026-04-17T18:11:26","modified_gmt":"2026-04-17T17:11:26","slug":"montagens-bateau-competicao-medium","status":"publish","type":"product","link":"https:\/\/idealpesca.com\/loja\/produto\/montagens-bateau-competicao-medium\/","title":{"rendered":"Montagens Bateau competi\u00e7\u00e3o Medium"},"content":{"rendered":"<p>\u00c9 montada na sua totalidade em fluorocarbono aliando resist\u00eancia \u00e0 abras\u00e3o e rigidez da linha garantindo uma boa apresenta\u00e7\u00e3o do isco. Os anz\u00f3is Chinu s\u00e3o adequados \u00e0s poderosas mand\u00edbulas dos espar\u00eddeos. Cada estralho \u00e9 montado com p\u00e9rolas rotativas que evitam os embara\u00e7amentos. Esta montagem &#8220;medium&#8221; \u00e9 constitu\u00edda por dois estralhos de 30 cm em 35\/100 fluorocarbono e anz\u00f3is Chinu n\u00b03 e um estralho de 60 cm de 40\/100 fluorocarbono e anzol Chinu n\u00b01<\/p>\n<div class=\"layout-content layout-strip\">\n<div class=\"layout-wrapper page-content\">\n<div class=\"product-content-next\">\n<div class=\"product-content-next-inner\">\n<div class=\"polymorphic-table product-table\">\n<div class=\"polymorphic-table-inner\">\n<table class=\"table bordered js-pswp-gallery\">\n<tr>\n<th>Refer\u00eancia<\/th>\n<th>Nome<\/th>\n<th>Quant\/saqueta<\/th>\n<th>Corpo de linha<\/th>\n<th>Estralhos<\/th>\n<th>Anz\u00f3is<\/th>\n<\/tr>\n<tr>\n<td>MO363075<\/td>\n<td>Medium<\/td>\n<td>1<\/td>\n<td>1,60 m 45\/100<\/td>\n<td>2x 30 cm 35\/100 <br \/>1x 60 cm 40\/100<\/td>\n<td>2x Chinu n\u00b0 3 <br \/>1x Chinu n\u00b0 1<\/td>\n<\/tr>\n<\/table>\n<\/div>\n<\/div>\n<\/div>\n<\/div>\n<\/div>\n<div class=\"layout-clear-footer\">\u00a0<\/div>\n<\/div>\n<p>\u00a0<\/p>\n","protected":false},"excerpt":{"rendered":"<p>Montagem para barco tipo competi\u00e7\u00e3o especial espar\u00eddeos.<\/p>\n","protected":false},"featured_media":4122,"comment_status":"open","ping_status":"closed","template":"","meta":[],"product_brand":[],"product_cat":[157,456],"product_tag":[],"class_list":{"0":"post-1048","1":"product","2":"type-product","3":"status-publish","4":"has-post-thumbnail","6":"product_cat-090100-montagens-de-embarcada","7":"product_cat-090103-daiwa","9":"first","10":"outofstock","11":"taxable","12":"shipping-taxable","13":"purchasable","14":"product-type-variable"},"_links":{"self":[{"href":"https:\/\/idealpesca.com\/loja\/wp-json\/wp\/v2\/product\/1048","targetHints":{"allow":["GET"]}}],"collection":[{"href":"https:\/\/idealpesca.com\/loja\/wp-json\/wp\/v2\/product"}],"about":[{"href":"https:\/\/idealpesca.com\/loja\/wp-json\/wp\/v2\/types\/product"}],"replies":[{"embeddable":true,"href":"https:\/\/idealpesca.com\/loja\/wp-json\/wp\/v2\/comments?post=1048"}],"wp:featuredmedia":[{"embeddable":true,"href":"https:\/\/idealpesca.com\/loja\/wp-json\/wp\/v2\/media\/4122"}],"wp:attachment":[{"href":"https:\/\/idealpesca.com\/loja\/wp-json\/wp\/v2\/media?parent=1048"}],"wp:term":[{"taxonomy":"product_brand","embeddable":true,"href":"https:\/\/idealpesca.com\/loja\/wp-json\/wp\/v2\/product_brand?post=1048"},{"taxonomy":"product_cat","embeddable":true,"href":"https:\/\/idealpesca.com\/loja\/wp-json\/wp\/v2\/product_cat?post=1048"},{"taxonomy":"product_tag","embeddable":true,"href":"https:\/\/idealpesca.com\/loja\/wp-json\/wp\/v2\/product_tag?post=1048"}],"curies":[{"name":"wp","href":"https:\/\/api.w.org\/{rel}","templated":true}]}}