{"id":1045,"date":"2026-03-20T12:16:09","date_gmt":"2026-03-20T12:16:09","guid":{"rendered":"https:\/\/idealpesca.com\/loja\/produto\/sufix-calema-surf-2000-mt-3407-4280-4291-4689\/"},"modified":"2026-03-20T23:53:41","modified_gmt":"2026-03-20T23:53:41","slug":"sufix-calema-surf-2000-mt-3407-4280-4291-4689","status":"publish","type":"product","link":"https:\/\/idealpesca.com\/loja\/produto\/sufix-calema-surf-2000-mt-3407-4280-4291-4689\/","title":{"rendered":"LINHA DAIWA PROREX Line Super Soft roxo"},"content":{"rendered":"<p>O nylon Prorex com propriedades extra macias \u00e9 concebido para a pesca de predadores de \u00e1gua doce. A sua cor violeta tinge-se de castanho de acordo com o \u00e2ngulo e com a luz. Estes reflexos melhoram a discri\u00e7\u00e3o, enquanto permanece vis\u00edvel fora da \u00e1gua, para um melhor controle visual da linha. Dispon\u00edvel numa ampla gama de di\u00e2metros, \u00e9 adequado para a pesca \u00e0 truta em ultra leve bem como para a pesca dos grandes l\u00facio perca e ainda dos l\u00facios.<\/p>\n<table class=\"table bordered js-pswp-gallery\">\n<tr>\n<th>Di\u00e2metro (mm)<\/th>\n<th>Resist\u00eancia<\/th>\n<th>Resist\u00eancia<\/th>\n<th>270 m<br \/>Camu Violea\/Castanho<\/th>\n<\/tr>\n<tr>\n<td>33\/100<\/td>\n<td>8.3 kg<\/td>\n<td>18.3 lb<\/td>\n<td>12821033<\/td>\n<\/tr>\n<tr>\n<td>36\/100<\/td>\n<td>9.8 kg<\/td>\n<td>21.6 lb<\/td>\n<td>12821036<\/td>\n<\/tr>\n<\/table>\n","protected":false},"excerpt":{"rendered":"<p>Vis\u00edvel fora da \u00e1gua, para um melhor controle visual da linha<\/p>\n<p>Bobine com 270 mtrs.<\/p>\n","protected":false},"featured_media":4118,"comment_status":"open","ping_status":"closed","template":"","meta":[],"product_brand":[],"product_cat":[299,313],"product_tag":[],"class_list":{"0":"post-1045","1":"product","2":"type-product","3":"status-publish","4":"has-post-thumbnail","6":"product_cat-060200-monofilamento-nylon-250-a-300-metros","7":"product_cat-060206-daiwa","9":"first","10":"instock","11":"taxable","12":"shipping-taxable","13":"purchasable","14":"product-type-variable"},"_links":{"self":[{"href":"https:\/\/idealpesca.com\/loja\/wp-json\/wp\/v2\/product\/1045","targetHints":{"allow":["GET"]}}],"collection":[{"href":"https:\/\/idealpesca.com\/loja\/wp-json\/wp\/v2\/product"}],"about":[{"href":"https:\/\/idealpesca.com\/loja\/wp-json\/wp\/v2\/types\/product"}],"replies":[{"embeddable":true,"href":"https:\/\/idealpesca.com\/loja\/wp-json\/wp\/v2\/comments?post=1045"}],"wp:featuredmedia":[{"embeddable":true,"href":"https:\/\/idealpesca.com\/loja\/wp-json\/wp\/v2\/media\/4118"}],"wp:attachment":[{"href":"https:\/\/idealpesca.com\/loja\/wp-json\/wp\/v2\/media?parent=1045"}],"wp:term":[{"taxonomy":"product_brand","embeddable":true,"href":"https:\/\/idealpesca.com\/loja\/wp-json\/wp\/v2\/product_brand?post=1045"},{"taxonomy":"product_cat","embeddable":true,"href":"https:\/\/idealpesca.com\/loja\/wp-json\/wp\/v2\/product_cat?post=1045"},{"taxonomy":"product_tag","embeddable":true,"href":"https:\/\/idealpesca.com\/loja\/wp-json\/wp\/v2\/product_tag?post=1045"}],"curies":[{"name":"wp","href":"https:\/\/api.w.org\/{rel}","templated":true}]}}