{"id":15152,"date":"2026-05-01T19:05:48","date_gmt":"2026-05-01T18:05:48","guid":{"rendered":"https:\/\/idealpesca.com\/loja\/utilizacao-de-cookies\/"},"modified":"2026-05-01T19:05:48","modified_gmt":"2026-05-01T18:05:48","slug":"utilizacao-de-cookies","status":"publish","type":"page","link":"https:\/\/idealpesca.com\/loja\/utilizacao-de-cookies\/","title":{"rendered":"Utiliza\u00e7\u00e3o de cookies"},"content":{"rendered":"<p><!-- Article --><\/p>\n<article>\n<p>    <!--e:Validate structured data--><\/p>\n<header class=\"article-header clearfix\">\n<h1 class=\"article-title\">\n\t\t\t\t\t<a href=\"https:\/\/idealpesca.pt\/loja\/utilizacao-de-cookies\" title=\"Utiliza\u00e7\u00e3o de cookies\"><br \/>\n\t\t\t\tUtiliza\u00e7\u00e3o de cookies<\/a><br \/>\n\t\t\t<\/h1>\n<\/header>\n<p>\t<!-- Aside --><\/p>\n<aside class=\"article-aside clearfix\">\n<\/aside>\n<p>\t\t<!-- \/\/Aside --><\/p>\n<section class=\"article-content clearfix\">\n<p>\u00a0<\/p>\n<h3>Pol\u00edtica de Cookies<\/h3>\n<p>Esta \u00e9 a pol\u00edtica sobre &#8216;cookies&#8217; implementada no nosso site.<\/p>\n<p>\u00a0<\/p>\n<h4>O que s\u00e3o os cookies?<\/h4>\n<p>S\u00e3o pequenas etiquetas de software que podem ser armazenadas no seu computador atrav\u00e9s do navegador de internet (browser), retendo apenas informa\u00e7\u00e3o relacionada com as suas prefer\u00eancias, n\u00e3o incluindo, como tal, os seus dados pessoais.<\/p>\n<p>\u00a0<\/p>\n<h4>Que tipo de informa\u00e7\u00f5es recolhemos?<\/h4>\n<p>Ao contactar-nos preenchendo um formul\u00e1rio de contacto, ou agendando uma visita, ou efetuando, ou tentando efetuar uma compra atrav\u00e9s do site, recolhemos algumas informa\u00e7\u00f5es sobre si, incluindo o seu nome, morada, endere\u00e7o de e-mail e n\u00famero de telefone.<br \/>Al\u00e9m disso, quando visita o site, recolhemos automaticamente algumas informa\u00e7\u00f5es sobre o seu dispositivo, incluindo informa\u00e7\u00e3o sobre o seu navegador de internet, sistema operativo e fuso hor\u00e1rio. Ao navegar neste site, recolhemos informa\u00e7\u00e3o sobre as p\u00e1ginas web individuais ou os produtos que visualiza, tais como websites ou termos de pesquisa que o remeteram para o site, e informa\u00e7\u00e3o sobre como interage com o mesmo.<\/p>\n<h4>\u00a0<\/h4>\n<h4>Como obtemos esta informa\u00e7\u00e3o?<\/h4>\n<ul>\n<li>\u00c9 introduzida por si no nosso website ou fornecida por si de outra forma.<\/li>\n<li>Usamos os \u201cficheiros de log\u201d para rastrear as a\u00e7\u00f5es que se verificam no site e recolhemos dados, incluindo o seu endere\u00e7o de IP, tipo de navegador, fornecedor de internet, p\u00e1ginas de refer\u00eancia\/sa\u00edda e registos de data\/hora.<\/li>\n<li>Utilizamos \u201cpixels\u201d, ou seja, ficheiros eletr\u00f3nicos usados para registar informa\u00e7\u00e3o sobre como navega no site.<\/li>\n<li>Utilizamos \u201ccookies\u201d, que s\u00e3o pequenas por\u00e7\u00f5es de dados armazenados no navegador do visitante do site. Normalmente, os cookies s\u00e3o utilizados para manter os utilizadores com a sess\u00e3o iniciada, gravar as suas prefer\u00eancias e sele\u00e7\u00f5es e sugerir conte\u00fados relevantes.<\/li>\n<\/ul>\n<h4>\u00a0<\/h4>\n<h4>Como posso alterar as minhas defini\u00e7\u00f5es de cookies?<\/h4>\n<p>Pode alterar as suas prefer\u00eancias de cookies atrav\u00e9s das op\u00e7\u00f5es do seu navegador.<\/p>\n<h4>\u00a0<\/h4>\n<h4>Como utilizamos esta informa\u00e7\u00e3o?<\/h4>\n<p>Utilizamos esta informa\u00e7\u00e3o para comunicar com os utilizadores do site, e para atender a quaisquer pedidos de marca\u00e7\u00e3o e\/ou encomendas feitos atrav\u00e9s do site. Desta forma, a informa\u00e7\u00e3o e an\u00fancios que aparecem na sess\u00e3o de cada utilizador estar\u00e1 de acordo com as prefer\u00eancias partilhadas connosco sobre os nossos produtos ou servi\u00e7os.<br \/>Utilizamos a informa\u00e7\u00e3o de dispositivo que recolhemos para melhorar e otimizar a experi\u00eancia de utilizador no nosso site (por exemplo, gerando an\u00e1lises sobre como os nossos clientes navegam e interagem com o site e para avaliar o sucesso das nossas campanhas de marketing e publicidade).<\/p>\n<h4>\u00a0<\/h4>\n<h4>Contacte-nos<\/h4>\n<p>Para obter mais informa\u00e7\u00f5es sobre as nossas pr\u00e1ticas de privacidade, se tiver d\u00favidas ou se quiser fazer uma reclama\u00e7\u00e3o, entre em contacto connosco por e-mail em <a href=\"mailto:info@idealpesca.com\">info@idealpesca.com<\/a> ou por correio.<\/p>\n<\/section>\n<p>\t  <!-- footer --><br \/>\n\t  \t  <!-- \/\/footer --><\/p>\n<\/article>\n<p><!-- \/\/Article --><\/p>\n","protected":false},"excerpt":{"rendered":"<p>Utiliza\u00e7\u00e3o de cookies \u00a0 Pol\u00edtica de Cookies Esta \u00e9 a pol\u00edtica sobre &#8216;cookies&#8217; implementada no nosso site. \u00a0 O que s\u00e3o os cookies? S\u00e3o pequenas etiquetas de software que podem\u2026<\/p>\n","protected":false},"author":1,"featured_media":0,"parent":0,"menu_order":0,"comment_status":"closed","ping_status":"closed","template":"","meta":{"footnotes":""},"class_list":["post-15152","page","type-page","status-publish","hentry"],"_links":{"self":[{"href":"https:\/\/idealpesca.com\/loja\/wp-json\/wp\/v2\/pages\/15152","targetHints":{"allow":["GET"]}}],"collection":[{"href":"https:\/\/idealpesca.com\/loja\/wp-json\/wp\/v2\/pages"}],"about":[{"href":"https:\/\/idealpesca.com\/loja\/wp-json\/wp\/v2\/types\/page"}],"author":[{"embeddable":true,"href":"https:\/\/idealpesca.com\/loja\/wp-json\/wp\/v2\/users\/1"}],"replies":[{"embeddable":true,"href":"https:\/\/idealpesca.com\/loja\/wp-json\/wp\/v2\/comments?post=15152"}],"version-history":[{"count":0,"href":"https:\/\/idealpesca.com\/loja\/wp-json\/wp\/v2\/pages\/15152\/revisions"}],"wp:attachment":[{"href":"https:\/\/idealpesca.com\/loja\/wp-json\/wp\/v2\/media?parent=15152"}],"curies":[{"name":"wp","href":"https:\/\/api.w.org\/{rel}","templated":true}]}}